{"id":996,"date":"2014-02-06T12:26:20","date_gmt":"2014-02-06T12:26:20","guid":{"rendered":"http:\/\/www.reussir-sa-formation.com\/?page_id=996"},"modified":"2020-07-27T07:39:51","modified_gmt":"2020-07-27T07:39:51","slug":"996-2","status":"publish","type":"page","link":"https:\/\/www.reussir-sa-formation.com\/?page_id=996","title":{"rendered":"L&rsquo;Organisation de la Justice"},"content":{"rendered":"\n\t<h3>\n\t\t\t\tL&rsquo;organisation de la Justice\n\t\t\t<\/h3>\n\t<p><a href=\"http:\/\/www.reussir-sa-formation.com\/?page_id=12\">Formations<\/a>\u00a0\/\u00a0<a href=\"http:\/\/www.reussir-sa-formation.com\/?page_id=27\">Culture g\u00e9n\u00e9rale administrative<\/a>\u00a0\/ L&rsquo;organisation de la Justice<\/p>\n\t\t\t<h4>Public<\/h4>\t\t\t\n\t\t\t\t<p>Tout agent souhaitant pr\u00e9senter un concours administratif ou acqu\u00e9rir des connaissances g\u00e9n\u00e9rales pour enrichir sa culture administrative<\/p>\n\t\t\t<h4>Dur\u00e9e<\/h4>\t\t\t\n\t\t\t\t<p>1 jour<\/p>\n\t\t\t\t\t\t<h4 tabindex=\"0\">Objectifs<\/h4>\n\t\t\t<ul>\n<li>Connaitre l\u2019organisation \u00a0des diff\u00e9rentes juridictions fran\u00e7aises<\/li>\n<li>Comprendre leur fonctionnement<\/li>\n<li>Connaitre les grands principes du contentieux administratif<\/li>\n<\/ul>\n\t\t\t\t\t\t<h4 tabindex=\"0\">Programme<\/h4>\n\t\t\t<ul>\n<li>La juridiction judiciaire<\/li>\n<li>La juridiction administrative\n<ul>\n<li>Le Tribunal administratif<\/li>\n<li>La Cour administrative d\u2019appel<\/li>\n<li>Le Conseil d\u2019Etat<\/li>\n<\/ul>\n<\/li>\n<\/ul>\n<ul>\n<li>Le Tribunal des conflits<\/li>\n<li>Le contentieux administratif<\/li>\n<\/ul>\n\t\t\t\t\t\t<h4 tabindex=\"0\">M\u00e9thodologie<\/h4>\n\t\t\t<ul>\n<li>Apports th\u00e9oriques<\/li>\n<li>Echanges et r\u00e9flexions<\/li>\n<li>Auto\u00e9valuation des connaissances \u00e0 \u00a0l\u2019aide d\u2019un QCM<\/li>\n<\/ul>\n","protected":false},"excerpt":{"rendered":"<p>L&rsquo;organisation de la Justice Formations\u00a0\/\u00a0Culture g\u00e9n\u00e9rale administrative\u00a0\/ L&rsquo;organisation de la Justice Public Tout agent souhaitant pr\u00e9senter un concours administratif ou acqu\u00e9rir des connaissances g\u00e9n\u00e9rales pour enrichir sa culture administrative Dur\u00e9e 1 jour Objectifs Connaitre l\u2019organisation \u00a0des diff\u00e9rentes juridictions fran\u00e7aises Comprendre leur fonctionnement Connaitre les grands principes du contentieux administratif Programme La juridiction judiciaire La juridiction &hellip;<\/p>\n<p class=\"read-more\"> <a class=\"\" href=\"https:\/\/www.reussir-sa-formation.com\/?page_id=996\"> <span class=\"screen-reader-text\">L&rsquo;Organisation de la Justice<\/span>Lire plus &raquo;<\/a><\/p>\n","protected":false},"author":2,"featured_media":0,"parent":27,"menu_order":0,"comment_status":"closed","ping_status":"open","template":"","meta":[],"_links":{"self":[{"href":"https:\/\/www.reussir-sa-formation.com\/index.php?rest_route=\/wp\/v2\/pages\/996"}],"collection":[{"href":"https:\/\/www.reussir-sa-formation.com\/index.php?rest_route=\/wp\/v2\/pages"}],"about":[{"href":"https:\/\/www.reussir-sa-formation.com\/index.php?rest_route=\/wp\/v2\/types\/page"}],"author":[{"embeddable":true,"href":"https:\/\/www.reussir-sa-formation.com\/index.php?rest_route=\/wp\/v2\/users\/2"}],"replies":[{"embeddable":true,"href":"https:\/\/www.reussir-sa-formation.com\/index.php?rest_route=%2Fwp%2Fv2%2Fcomments&post=996"}],"version-history":[{"count":14,"href":"https:\/\/www.reussir-sa-formation.com\/index.php?rest_route=\/wp\/v2\/pages\/996\/revisions"}],"predecessor-version":[{"id":2140,"href":"https:\/\/www.reussir-sa-formation.com\/index.php?rest_route=\/wp\/v2\/pages\/996\/revisions\/2140"}],"up":[{"embeddable":true,"href":"https:\/\/www.reussir-sa-formation.com\/index.php?rest_route=\/wp\/v2\/pages\/27"}],"wp:attachment":[{"href":"https:\/\/www.reussir-sa-formation.com\/index.php?rest_route=%2Fwp%2Fv2%2Fmedia&parent=996"}],"curies":[{"name":"wp","href":"https:\/\/api.w.org\/{rel}","templated":true}]}}