{"id":988,"date":"2014-02-06T12:02:53","date_gmt":"2014-02-06T12:02:53","guid":{"rendered":"http:\/\/www.reussir-sa-formation.com\/?page_id=988"},"modified":"2018-06-30T09:09:03","modified_gmt":"2018-06-30T09:09:03","slug":"988-2","status":"publish","type":"page","link":"https:\/\/www.reussir-sa-formation.com\/?page_id=988","title":{"rendered":"La gestion des services publics"},"content":{"rendered":"<h3>\n\t\t\t\tLa gestion des services publics<br \/>\n\t\t\t<\/h3>\n<p><a href=\"http:\/\/www.reussir-sa-formation.com\/?page_id=12\">Formations<\/a>\u00a0\/\u00a0<a href=\"http:\/\/www.reussir-sa-formation.com\/?page_id=27\">Culture g\u00e9n\u00e9rale administrative<\/a>\u00a0\/ La gestion des services publics<\/p>\n<h4>Public<\/h4>\n<p>Tout agent souhaitant pr\u00e9senter un concours administratif ou acqu\u00e9rir des connaissances g\u00e9n\u00e9rales pour enrichir sa culture administrative<\/p>\n<h4>Dur\u00e9e<\/h4>\n<p>1 jour<\/p>\n<h4>Objectifs<\/h4>\n<ul>\n<li>Comprendre la notion de service public<\/li>\n<li>Savoir d\u00e9finir un \u00e9tablissement public et connaitre son fonctionnement<\/li>\n<li>Comprendre le r\u00f4le de l\u2019administration par rapport au secteur priv\u00e9 dans la gestion d\u2019un service public.<\/li>\n<\/ul>\n<h4>Programme<\/h4>\n<ul>\n<li>La notion de service public<\/li>\n<li>Les modes de gestion des services publics\n<ul>\n<li>Par une personne morale de droit public<\/li>\n<li>La d\u00e9l\u00e9gation de service public<\/li>\n<\/ul>\n<\/li>\n<li>Le statut des \u00e9tablissements publics<\/li>\n<li>Les cat\u00e9gories d\u2019\u00e9tablissements publics\n<ul>\n<li>Les \u00e9tablissements publics administratifs<\/li>\n<li>Les \u00e9tablissements publics industriels et commerciaux<\/li>\n<li>Les entreprises publiques<\/li>\n<\/ul>\n<\/li>\n<li>Les autorit\u00e9s administratives ind\u00e9pendantes<\/li>\n<\/ul>\n<h4>M\u00e9thodologie<\/h4>\n<ul>\n<li>Apports th\u00e9oriques<\/li>\n<li>Echanges et r\u00e9flexions<\/li>\n<li>Auto\u00e9valuation des connaissances \u00e0 \u00a0l\u2019aide d\u2019un QCM<\/li>\n<\/ul>\n","protected":false},"excerpt":{"rendered":"<p>La gestion des services publics Formations\u00a0\/\u00a0Culture g\u00e9n\u00e9rale administrative\u00a0\/ La gestion des services publics Public Tout agent souhaitant pr\u00e9senter un concours administratif ou acqu\u00e9rir des connaissances g\u00e9n\u00e9rales pour enrichir sa culture administrative Dur\u00e9e 1 jour Objectifs Comprendre la notion de service public Savoir d\u00e9finir un \u00e9tablissement public et connaitre son fonctionnement Comprendre le r\u00f4le de l\u2019administration &hellip;<\/p>\n<p class=\"read-more\"> <a class=\"\" href=\"https:\/\/www.reussir-sa-formation.com\/?page_id=988\"> <span class=\"screen-reader-text\">La gestion des services publics<\/span>Lire plus &raquo;<\/a><\/p>\n","protected":false},"author":2,"featured_media":0,"parent":27,"menu_order":0,"comment_status":"closed","ping_status":"open","template":"","meta":[],"_links":{"self":[{"href":"https:\/\/www.reussir-sa-formation.com\/index.php?rest_route=\/wp\/v2\/pages\/988"}],"collection":[{"href":"https:\/\/www.reussir-sa-formation.com\/index.php?rest_route=\/wp\/v2\/pages"}],"about":[{"href":"https:\/\/www.reussir-sa-formation.com\/index.php?rest_route=\/wp\/v2\/types\/page"}],"author":[{"embeddable":true,"href":"https:\/\/www.reussir-sa-formation.com\/index.php?rest_route=\/wp\/v2\/users\/2"}],"replies":[{"embeddable":true,"href":"https:\/\/www.reussir-sa-formation.com\/index.php?rest_route=%2Fwp%2Fv2%2Fcomments&post=988"}],"version-history":[{"count":9,"href":"https:\/\/www.reussir-sa-formation.com\/index.php?rest_route=\/wp\/v2\/pages\/988\/revisions"}],"predecessor-version":[{"id":1880,"href":"https:\/\/www.reussir-sa-formation.com\/index.php?rest_route=\/wp\/v2\/pages\/988\/revisions\/1880"}],"up":[{"embeddable":true,"href":"https:\/\/www.reussir-sa-formation.com\/index.php?rest_route=\/wp\/v2\/pages\/27"}],"wp:attachment":[{"href":"https:\/\/www.reussir-sa-formation.com\/index.php?rest_route=%2Fwp%2Fv2%2Fmedia&parent=988"}],"curies":[{"name":"wp","href":"https:\/\/api.w.org\/{rel}","templated":true}]}}