{"id":82,"date":"2013-07-22T09:07:15","date_gmt":"2013-07-22T09:07:15","guid":{"rendered":"http:\/\/www.reussir-sa-formation.com\/?page_id=82"},"modified":"2018-06-30T09:17:00","modified_gmt":"2018-06-30T09:17:00","slug":"les-etablissements-administratifs","status":"publish","type":"page","link":"https:\/\/www.reussir-sa-formation.com\/?page_id=82","title":{"rendered":"La gestion administrative et financi\u00e8re"},"content":{"rendered":"<h3>\n\t\t\t\tLa gestion administrative et financi\u00e8re<br \/>\n\t\t\t<\/h3>\n<p><a href=\"http:\/\/www.reussir-sa-formation.com\/?page_id=12\">Formations<\/a>\u00a0\/\u00a0<a href=\"http:\/\/www.reussir-sa-formation.com\/?page_id=27\">Culture g\u00e9n\u00e9rale administrative<\/a>\u00a0\/ La gestion administrative et financi\u00e8re<\/p>\n<h4>Public<\/h4>\n<p>Tout agent souhaitant pr\u00e9senter un concours administratif ou acqu\u00e9rir des connaissances g\u00e9n\u00e9rales pour enrichir sa culture administrative<\/p>\n<h4>Dur\u00e9e<\/h4>\n<p>1 jour<\/p>\n<h4>Objectifs<\/h4>\n<ul>\n<li>Appr\u00e9hender la hi\u00e9rarchie des normes juridiques<\/li>\n<li>Appr\u00e9hender la notion d\u2019acte administratif<\/li>\n<li>Connaitre les grands principes de la comptabilit\u00e9 publique et le fonctionnement d\u2019un budget<\/li>\n<\/ul>\n<h4>Programme<\/h4>\n<ul>\n<li>La hi\u00e9rarchie des normes juridiques\n<ul>\n<li>La Constitution<\/li>\n<li>Les actes internationaux<\/li>\n<li>Les actes l\u00e9gislatifs<\/li>\n<li>Les ordonnances<\/li>\n<li>Les principes g\u00e9n\u00e9raux du droit<\/li>\n<li>Les actes r\u00e9glementaires : d\u00e9crets, arr\u00eat\u00e9s<\/li>\n<\/ul>\n<\/li>\n<\/ul>\n<ul>\n<li>Les actes administratifs : actes unilat\u00e9raux et contrats<\/li>\n<li>Les principes de la comptabilit\u00e9 publique\n<ul>\n<li>Le budget de l\u2019Etat<\/li>\n<li>Les budgets des collectivit\u00e9s locales<\/li>\n<\/ul>\n<\/li>\n<\/ul>\n<h4>M\u00e9thodologie<\/h4>\n<ul>\n<li>Apports th\u00e9oriques<\/li>\n<li>Echanges et r\u00e9flexions<\/li>\n<li>Auto\u00e9valuation des connaissances \u00e0 \u00a0l\u2019aide d\u2019un QCM<\/li>\n<\/ul>\n","protected":false},"excerpt":{"rendered":"<p>La gestion administrative et financi\u00e8re Formations\u00a0\/\u00a0Culture g\u00e9n\u00e9rale administrative\u00a0\/ La gestion administrative et financi\u00e8re Public Tout agent souhaitant pr\u00e9senter un concours administratif ou acqu\u00e9rir des connaissances g\u00e9n\u00e9rales pour enrichir sa culture administrative Dur\u00e9e 1 jour Objectifs Appr\u00e9hender la hi\u00e9rarchie des normes juridiques Appr\u00e9hender la notion d\u2019acte administratif Connaitre les grands principes de la comptabilit\u00e9 publique et &hellip;<\/p>\n<p class=\"read-more\"> <a class=\"\" href=\"https:\/\/www.reussir-sa-formation.com\/?page_id=82\"> <span class=\"screen-reader-text\">La gestion administrative et financi\u00e8re<\/span>Lire plus &raquo;<\/a><\/p>\n","protected":false},"author":1,"featured_media":0,"parent":27,"menu_order":0,"comment_status":"closed","ping_status":"open","template":"","meta":[],"_links":{"self":[{"href":"https:\/\/www.reussir-sa-formation.com\/index.php?rest_route=\/wp\/v2\/pages\/82"}],"collection":[{"href":"https:\/\/www.reussir-sa-formation.com\/index.php?rest_route=\/wp\/v2\/pages"}],"about":[{"href":"https:\/\/www.reussir-sa-formation.com\/index.php?rest_route=\/wp\/v2\/types\/page"}],"author":[{"embeddable":true,"href":"https:\/\/www.reussir-sa-formation.com\/index.php?rest_route=\/wp\/v2\/users\/1"}],"replies":[{"embeddable":true,"href":"https:\/\/www.reussir-sa-formation.com\/index.php?rest_route=%2Fwp%2Fv2%2Fcomments&post=82"}],"version-history":[{"count":22,"href":"https:\/\/www.reussir-sa-formation.com\/index.php?rest_route=\/wp\/v2\/pages\/82\/revisions"}],"predecessor-version":[{"id":1884,"href":"https:\/\/www.reussir-sa-formation.com\/index.php?rest_route=\/wp\/v2\/pages\/82\/revisions\/1884"}],"up":[{"embeddable":true,"href":"https:\/\/www.reussir-sa-formation.com\/index.php?rest_route=\/wp\/v2\/pages\/27"}],"wp:attachment":[{"href":"https:\/\/www.reussir-sa-formation.com\/index.php?rest_route=%2Fwp%2Fv2%2Fmedia&parent=82"}],"curies":[{"name":"wp","href":"https:\/\/api.w.org\/{rel}","templated":true}]}}