{"id":50,"date":"2013-07-21T19:35:17","date_gmt":"2013-07-21T19:35:17","guid":{"rendered":"http:\/\/www.reussir-sa-formation.com\/?page_id=50"},"modified":"2018-06-30T09:03:59","modified_gmt":"2018-06-30T09:03:59","slug":"conduite-de-reunion","status":"publish","type":"page","link":"https:\/\/www.reussir-sa-formation.com\/?page_id=50","title":{"rendered":"Conduite de r\u00e9union"},"content":{"rendered":"<h3>\n\t\t\t\tConduite de r\u00e9union<br \/>\n\t\t\t<\/h3>\n<p><a href=\"http:\/\/www.reussir-sa-formation.com\/?page_id=12\">Formations<\/a>\u00a0\/\u00a0<a href=\"http:\/\/www.reussir-sa-formation.com\/?page_id=19\">Management<\/a>\u00a0\/ Conduite de r\u00e9union<\/p>\n<h4>Public<\/h4>\n<p>Personnel d\u2019encadrement \/ Toute personne amen\u00e9e par sa fonction \u00e0\u00a0animer des groupes de travail ou des r\u00e9unions<\/p>\n<h4>Dur\u00e9e<\/h4>\n<p>2 jours<\/p>\n<h4>Objectifs<\/h4>\n<ul>\n<li>Identifier les diff\u00e9rents types de r\u00e9union<\/li>\n<li>Pr\u00e9parer une r\u00e9union<\/li>\n<li>Choisir un style d\u2019animation de r\u00e9union<\/li>\n<li>G\u00e9rer son temps, avant, pendant et apr\u00e8s<\/li>\n<li>Maitriser la conduite de r\u00e9union<\/li>\n<li>S\u2019approprier et mettre en oeuvre les techniques d\u2019animation<\/li>\n<li>Animer une r\u00e9union en s\u2019appuyant sur les m\u00e9canismes de dynamique de groupe<\/li>\n<\/ul>\n<h4>Programme<\/h4>\n<ul>\n<li>La r\u00e9union : outil efficace ?<\/li>\n<li>La pr\u00e9paration de la r\u00e9union : de la programmation jusqu\u2019au suivi<\/li>\n<li>Les diff\u00e9rents types de r\u00e9union<\/li>\n<li>Le r\u00f4le de l\u2019animateur de r\u00e9union : les bonnes pratiques et m\u00e9thodologie d\u2019animation<\/li>\n<li>Le comportement des participants<\/li>\n<li>La gestion des situations difficiles<\/li>\n<\/ul>\n<h4>M\u00e9thodologie<\/h4>\n<p>Apports th\u00e9oriques altern\u00e9s avec des jeux de r\u00f4les cr\u00e9\u00e9s \u00e0\u00a0partir de cas concrets<\/p>\n","protected":false},"excerpt":{"rendered":"<p>Conduite de r\u00e9union Formations\u00a0\/\u00a0Management\u00a0\/ Conduite de r\u00e9union Public Personnel d\u2019encadrement \/ Toute personne amen\u00e9e par sa fonction \u00e0\u00a0animer des groupes de travail ou des r\u00e9unions Dur\u00e9e 2 jours Objectifs Identifier les diff\u00e9rents types de r\u00e9union Pr\u00e9parer une r\u00e9union Choisir un style d\u2019animation de r\u00e9union G\u00e9rer son temps, avant, pendant et apr\u00e8s Maitriser la conduite de &hellip;<\/p>\n<p class=\"read-more\"> <a class=\"\" href=\"https:\/\/www.reussir-sa-formation.com\/?page_id=50\"> <span class=\"screen-reader-text\">Conduite de r\u00e9union<\/span>Lire plus &raquo;<\/a><\/p>\n","protected":false},"author":1,"featured_media":0,"parent":19,"menu_order":0,"comment_status":"closed","ping_status":"open","template":"","meta":[],"_links":{"self":[{"href":"https:\/\/www.reussir-sa-formation.com\/index.php?rest_route=\/wp\/v2\/pages\/50"}],"collection":[{"href":"https:\/\/www.reussir-sa-formation.com\/index.php?rest_route=\/wp\/v2\/pages"}],"about":[{"href":"https:\/\/www.reussir-sa-formation.com\/index.php?rest_route=\/wp\/v2\/types\/page"}],"author":[{"embeddable":true,"href":"https:\/\/www.reussir-sa-formation.com\/index.php?rest_route=\/wp\/v2\/users\/1"}],"replies":[{"embeddable":true,"href":"https:\/\/www.reussir-sa-formation.com\/index.php?rest_route=%2Fwp%2Fv2%2Fcomments&post=50"}],"version-history":[{"count":27,"href":"https:\/\/www.reussir-sa-formation.com\/index.php?rest_route=\/wp\/v2\/pages\/50\/revisions"}],"predecessor-version":[{"id":1873,"href":"https:\/\/www.reussir-sa-formation.com\/index.php?rest_route=\/wp\/v2\/pages\/50\/revisions\/1873"}],"up":[{"embeddable":true,"href":"https:\/\/www.reussir-sa-formation.com\/index.php?rest_route=\/wp\/v2\/pages\/19"}],"wp:attachment":[{"href":"https:\/\/www.reussir-sa-formation.com\/index.php?rest_route=%2Fwp%2Fv2%2Fmedia&parent=50"}],"curies":[{"name":"wp","href":"https:\/\/api.w.org\/{rel}","templated":true}]}}