{"id":27,"date":"2013-07-21T19:19:21","date_gmt":"2013-07-21T19:19:21","guid":{"rendered":"http:\/\/www.reussir-sa-formation.com\/?page_id=27"},"modified":"2021-06-28T12:21:44","modified_gmt":"2021-06-28T12:21:44","slug":"culture-generale","status":"publish","type":"page","link":"https:\/\/www.reussir-sa-formation.com\/?page_id=27","title":{"rendered":"Culture g\u00e9n\u00e9rale administrative"},"content":{"rendered":"<h2>\n\t\tCulture G\u00e9n\u00e9rale Administrative\n\t<\/h2>\n\t<h2>Ma\u00eetrisez le sujet.<\/h2>\n<p><strong>Destin\u00e9 tout particuli\u00e8rement aux candidats se pr\u00e9parant aux concours administratifs ou aux examens professionnels, ce domaine de formation int\u00e9ressera \u00e9galement un plus large public d\u00e9sireux de parfaire sa culture administrative.<\/strong><\/p>\n<p><strong>Ce domaine de formation offre un panorama clair et complet des connaissances indispensables pour r\u00e9ussir les \u00e9preuves des concours et examens professionnels administratifs et s&rsquo;int\u00e9grer dans la fonction publique. La formation en pr\u00e9sentiel permet une meilleure compr\u00e9hension du fonctionnement parfois complexe des structures administratives\u00a0fran\u00e7aises.<\/strong><\/p>\n\t<h3>Les formations en culture g\u00e9n\u00e9rale administrative<\/h3>\n\t<ul>\n\t\t<li><a href=\"http:\/\/www.reussir-sa-formation.com\/?page_id=76\" target=\"_self\" rel=\"noopener noreferrer\"><\/a>\t\t\t\t\n\t\t<h5>Les administrations d&rsquo;\u00c9tat<\/h5 ><\/li><li><a href=\"https:\/\/www.reussir-sa-formation.com\/?page_id=2228\" target=\"_self\" rel=\"noopener noreferrer\"><\/a>\t\t\t\t\n\t\t<h5>D\u00e9couverte des missions du Secr\u00e9tariat G\u00e9n\u00e9ral Commun<\/h5 ><\/li><li><a href=\"http:\/\/www.reussir-sa-formation.com\/?page_id=78\" target=\"_self\" rel=\"noopener noreferrer\"><\/a>\t\t\t\t\n\t\t<h5>Les collectivit\u00e9s territoriales<\/h5 ><\/li><li><a href=\"http:\/\/www.reussir-sa-formation.com\/?page_id=988\" target=\"_self\" rel=\"noopener noreferrer\"><\/a>\t\t\t\t\n\t\t<h5>La gestion des services publics<\/h5 ><\/li><li><a href=\"http:\/\/www.reussir-sa-formation.com\/?page_id=445\" target=\"_self\" rel=\"noopener noreferrer\"><\/a>\t\t\t\t\n\t\t<h5>L&rsquo;essentiel des connaissances administratives<\/h5 ><\/li><li><a href=\"http:\/\/www.reussir-sa-formation.com\/?page_id=1169\" target=\"_self\" rel=\"noopener noreferrer\"><\/a>\t\t\t\t\n\t\t<h5>L&rsquo;universit\u00e9 : statut et fonctionnement<\/h5 ><\/li><li><a href=\"http:\/\/www.reussir-sa-formation.com\/?page_id=996\" target=\"_self\" rel=\"noopener noreferrer\"><\/a>\t\t\t\t\n\t\t<h5>L&rsquo;organisation de la Justice<\/h5 ><\/li><li><a href=\"http:\/\/www.reussir-sa-formation.com\/?page_id=82\" target=\"_self\" rel=\"noopener noreferrer\"><\/a>\t\t\t\t\n\t\t<h5>La gestion administrative et financi\u00e8re<\/h5 ><\/li><li><a href=\"http:\/\/www.reussir-sa-formation.com\/?page_id=979\" target=\"_self\" rel=\"noopener noreferrer\"><\/a>\t\t\t\t\n\t\t<h5>La constitution de la V\u00e8me R\u00e9publique<\/h5 ><\/li>\t<\/ul>\n\t\t<h3>Une de ces formations vous int\u00e9resse ?<\/h3>\n\t\t\t\t<p><strong>ENVOYEZ-MOI UNE DEMANDE DE DEVIS SANS ENGAGEMENT<\/strong><\/p>\n\t\t\t<a href=\"http:\/\/www.reussir-sa-formation.com\/?page_id=37\" target=\"_self\" role=\"button\" rel=\"noopener noreferrer\">\n\t\t\t\t\t\t\tCONTACT\n\t\t<\/a>\n","protected":false},"excerpt":{"rendered":"<p>Culture G\u00e9n\u00e9rale Administrative Ma\u00eetrisez le sujet. Destin\u00e9 tout particuli\u00e8rement aux candidats se pr\u00e9parant aux concours administratifs ou aux examens professionnels, ce domaine de formation int\u00e9ressera \u00e9galement un plus large public d\u00e9sireux de parfaire sa culture administrative. Ce domaine de formation offre un panorama clair et complet des connaissances indispensables pour r\u00e9ussir les \u00e9preuves des concours &hellip;<\/p>\n<p class=\"read-more\"> <a class=\"\" href=\"https:\/\/www.reussir-sa-formation.com\/?page_id=27\"> <span class=\"screen-reader-text\">Culture g\u00e9n\u00e9rale administrative<\/span>Lire plus &raquo;<\/a><\/p>\n","protected":false},"author":1,"featured_media":0,"parent":12,"menu_order":0,"comment_status":"closed","ping_status":"open","template":"","meta":[],"_links":{"self":[{"href":"https:\/\/www.reussir-sa-formation.com\/index.php?rest_route=\/wp\/v2\/pages\/27"}],"collection":[{"href":"https:\/\/www.reussir-sa-formation.com\/index.php?rest_route=\/wp\/v2\/pages"}],"about":[{"href":"https:\/\/www.reussir-sa-formation.com\/index.php?rest_route=\/wp\/v2\/types\/page"}],"author":[{"embeddable":true,"href":"https:\/\/www.reussir-sa-formation.com\/index.php?rest_route=\/wp\/v2\/users\/1"}],"replies":[{"embeddable":true,"href":"https:\/\/www.reussir-sa-formation.com\/index.php?rest_route=%2Fwp%2Fv2%2Fcomments&post=27"}],"version-history":[{"count":49,"href":"https:\/\/www.reussir-sa-formation.com\/index.php?rest_route=\/wp\/v2\/pages\/27\/revisions"}],"predecessor-version":[{"id":2233,"href":"https:\/\/www.reussir-sa-formation.com\/index.php?rest_route=\/wp\/v2\/pages\/27\/revisions\/2233"}],"up":[{"embeddable":true,"href":"https:\/\/www.reussir-sa-formation.com\/index.php?rest_route=\/wp\/v2\/pages\/12"}],"wp:attachment":[{"href":"https:\/\/www.reussir-sa-formation.com\/index.php?rest_route=%2Fwp%2Fv2%2Fmedia&parent=27"}],"curies":[{"name":"wp","href":"https:\/\/api.w.org\/{rel}","templated":true}]}}