{"id":23,"date":"2013-07-21T19:18:31","date_gmt":"2013-07-21T19:18:31","guid":{"rendered":"http:\/\/www.reussir-sa-formation.com\/?page_id=23"},"modified":"2018-07-01T20:48:27","modified_gmt":"2018-07-01T20:48:27","slug":"secretariat","status":"publish","type":"page","link":"https:\/\/www.reussir-sa-formation.com\/?page_id=23","title":{"rendered":"Secr\u00e9tariat"},"content":{"rendered":"<h2>\n\t\tSecr\u00e9tariat<br \/>\n\t<\/h2>\n<h2>Une communication \u00e9crite efficace : un atout pour votre carri\u00e8re.<\/h2>\n<p>Ces formations vous apportent les cl\u00e9s et les outils n\u00e9cessaires pour maitriser le style et le vocabulaire administratifs, les diff\u00e9rentes pr\u00e9sentations formelles et l&rsquo;organisation logique du contenu de vos\u00a0\u00e9crits professionnels.\u00a0<\/p>\n<h3>Les formations en Secr\u00e9tariat<\/h3>\n<ul>\n<li><a href=\"http:\/\/www.reussir-sa-formation.com\/?page_id=1092\" target=\"_self\" ><\/a><br \/>\n<h5>La r\u00e9daction des actes administratifs<\/h5 ><\/li>\n<li><a href=\"http:\/\/www.reussir-sa-formation.com\/?page_id=1115\" target=\"_self\" ><\/a><br \/>\n<h5>Le compte-rendu de r\u00e9union<\/h5 ><\/li>\n<li><a href=\"http:\/\/www.reussir-sa-formation.com\/?page_id=1103\" target=\"_self\" ><\/a><br \/>\n<h5>Le courrier \u00e9lectronique<\/h5 ><\/li>\n<li><a href=\"http:\/\/www.reussir-sa-formation.com\/?page_id=1098\" target=\"_self\" ><\/a><br \/>\n<h5>La r\u00e9daction des courriers administratifs<\/h5 ><\/li>\n<\/ul>\n<h3>Une de ces formations vous int\u00e9resse ?<\/h3>\n<p><strong>ENVOYEZ-MOI UNE DEMANDE DE DEVIS SANS ENGAGEMENT<\/strong><\/p>\n<p>\t\t\t<a href=\"http:\/\/www.reussir-sa-formation.com\/?page_id=37\" target=\"_self\"   role=\"button\"><br \/>\n\t\t\t\t\t\t\tCONTACT<br \/>\n\t\t<\/a><\/p>\n","protected":false},"excerpt":{"rendered":"<p>Secr\u00e9tariat Une communication \u00e9crite efficace : un atout pour votre carri\u00e8re. Ces formations vous apportent les cl\u00e9s et les outils n\u00e9cessaires pour maitriser le style et le vocabulaire administratifs, les diff\u00e9rentes pr\u00e9sentations formelles et l&rsquo;organisation logique du contenu de vos\u00a0\u00e9crits professionnels.\u00a0 Les formations en Secr\u00e9tariat La r\u00e9daction des actes administratifs Le compte-rendu de r\u00e9union Le &hellip;<\/p>\n<p class=\"read-more\"> <a class=\"\" href=\"https:\/\/www.reussir-sa-formation.com\/?page_id=23\"> <span class=\"screen-reader-text\">Secr\u00e9tariat<\/span>Lire plus &raquo;<\/a><\/p>\n","protected":false},"author":1,"featured_media":0,"parent":12,"menu_order":0,"comment_status":"closed","ping_status":"closed","template":"","meta":[],"_links":{"self":[{"href":"https:\/\/www.reussir-sa-formation.com\/index.php?rest_route=\/wp\/v2\/pages\/23"}],"collection":[{"href":"https:\/\/www.reussir-sa-formation.com\/index.php?rest_route=\/wp\/v2\/pages"}],"about":[{"href":"https:\/\/www.reussir-sa-formation.com\/index.php?rest_route=\/wp\/v2\/types\/page"}],"author":[{"embeddable":true,"href":"https:\/\/www.reussir-sa-formation.com\/index.php?rest_route=\/wp\/v2\/users\/1"}],"replies":[{"embeddable":true,"href":"https:\/\/www.reussir-sa-formation.com\/index.php?rest_route=%2Fwp%2Fv2%2Fcomments&post=23"}],"version-history":[{"count":46,"href":"https:\/\/www.reussir-sa-formation.com\/index.php?rest_route=\/wp\/v2\/pages\/23\/revisions"}],"predecessor-version":[{"id":1993,"href":"https:\/\/www.reussir-sa-formation.com\/index.php?rest_route=\/wp\/v2\/pages\/23\/revisions\/1993"}],"up":[{"embeddable":true,"href":"https:\/\/www.reussir-sa-formation.com\/index.php?rest_route=\/wp\/v2\/pages\/12"}],"wp:attachment":[{"href":"https:\/\/www.reussir-sa-formation.com\/index.php?rest_route=%2Fwp%2Fv2%2Fmedia&parent=23"}],"curies":[{"name":"wp","href":"https:\/\/api.w.org\/{rel}","templated":true}]}}