{"id":2184,"date":"2020-10-27T20:42:19","date_gmt":"2020-10-27T20:42:19","guid":{"rendered":"http:\/\/www.reussir-sa-formation.com\/?page_id=2184"},"modified":"2020-10-28T11:49:06","modified_gmt":"2020-10-28T11:49:06","slug":"methodologie-du-cas-pratique","status":"publish","type":"page","link":"https:\/\/www.reussir-sa-formation.com\/?page_id=2184","title":{"rendered":"M\u00e9thodologie du cas pratique"},"content":{"rendered":"\n\t<h3>\n\t\t\t\tM\u00e9thodologie du cas pratique\n\t\t\t<\/h3>\n\t<p><a href=\"http:\/\/www.reussir-sa-formation.com\/?page_id=2170\">Les Cours<\/a>\u00a0\/ M\u00e9thodologie du cas pratique<\/p>\n\t\t\t<h4>Public<\/h4>\t\t\t\n\t\t\t\t<p>Tout agent souhaitant pr\u00e9senter un concours ou un examen professionnel comportant une \u00e9preuve de cas pratique<\/p>\n\t\t\t<h4>Dur\u00e9e<\/h4>\t\t\t\n\t\t\t\t<p>2 s\u00e9ances d&rsquo;une demi-journ\u00e9e\/mois sur 10 mois. Une journ\u00e9e de correction du devoir en pr\u00e9sentiel.<\/p>\n\t\t\t\t\t\t<h4 tabindex=\"0\">Objectifs<\/h4>\n\t\t\t<ul>\n<li>Comprendre les caract\u00e9ristiques de l\u2019\u00e9preuve et les attentes du jury<\/li>\n<li>Maitriser la m\u00e9thodologie du cas pratique gr\u00e2ce \u00e0 de nombreux exercices d&rsquo;entrainement<\/li>\n<li>Acqu\u00e9rir les outils d\u2019analyse et de synth\u00e8se permettant de mener \u00e0 \u00a0terme chacune des \u00e9tapes m\u00e9thodologiques et de les enchainer efficacement dans le temps imparti<\/li>\n<\/ul>\n\t\t\t\t\t\t<h4 tabindex=\"0\">Programme<\/h4>\n\t\t\t<ul>\n<li>\n<p><strong>1<sup>er<\/sup> module\u00a0:<\/strong><\/p>\n<ul>\n<li><strong>Le contenu et la nature de l\u2019\u00e9preuve<\/strong><\/li>\n<li><strong>Les attentes du jury<\/strong><\/li>\n<li><strong>L\u2019\u00e9tude du sujet\u00a0: savoir le lire et le comprendre, identifier les id\u00e9es \u00e0 rechercher dans le dossier<\/strong><\/li>\n<li><strong>Exercices pratiques et correction<\/strong><\/li>\n<\/ul>\n<p><strong>2\u00e8me module\u00a0:<\/strong><\/p>\n<ul>\n<li><strong>Analyse du sommaire et lecture de survol\u00a0: savoir dans quels documents se trouvent les id\u00e9es \u00e0 rechercher<\/strong><\/li>\n<\/ul>\n<p><strong>3\u00e8me module\u00a0:<\/strong><\/p>\n<ul>\n<li><strong>La lecture approfondie\u00a0: la prise de notes et la reformulation<\/strong><\/li>\n<li><strong>Exercices pratiques et correction<\/strong><\/li>\n<\/ul>\n<p><strong>4\u00e8me module\u00a0:<\/strong><\/p>\n<ul>\n<li><strong>La construction du plan de la note<\/strong>\n<ul>\n<li><strong>Sans propositions<\/strong><\/li>\n<li><strong>Avec propositions<\/strong><\/li>\n<\/ul>\n<\/li>\n<li><strong>Exercices pratiques et correction<\/strong><\/li>\n<\/ul>\n<p><strong>5\u00e8me module\u00a0:<\/strong><\/p>\n<ul>\n<li><strong>Le style administratif\u00a0: les principes et le vocabulaire<\/strong><\/li>\n<li><strong>Les courriers administratifs<\/strong>\n<ul>\n<li><strong>Formalisme de la note<\/strong><\/li>\n<li><strong>Formalisme de la lettre personnelle<\/strong><\/li>\n<li><strong>Formalisme de la lettre administrative<\/strong><\/li>\n<\/ul>\n<\/li>\n<li><strong>Exercices pratiques et correction<\/strong><\/li>\n<\/ul>\n<p><strong>6\u00e8me module\u00a0:<\/strong><\/p>\n<ul>\n<li><strong>La fiche technique <\/strong>\n<ul>\n<li><strong>R\u00e9ponses aux questions<\/strong><\/li>\n<li><strong>Le tableau<\/strong><\/li>\n<\/ul>\n<\/li>\n<li><strong>Exercices pratiques et correction<\/strong><\/li>\n<\/ul>\n<p><strong>7\u00e8me module\u00a0:<\/strong><\/p>\n<ul>\n<li><strong>Correction personnalis\u00e9e d\u2019un devoir \u00e0 faire sur table ou chez soi.<\/strong><\/li>\n<li><strong>Les \u00e9tapes de la r\u00e9daction du devoir\u00a0:<\/strong>\n<ul>\n<li><strong>Etude du sujet<\/strong><\/li>\n<li><strong>Lecture de survol<\/strong><\/li>\n<li><strong>Lecture approfondie et prises de notes<\/strong><\/li>\n<li><strong>Construction du plan<\/strong><\/li>\n<li><strong>R\u00e9daction de l\u2019introduction<\/strong><\/li>\n<\/ul>\n<\/li>\n<li><strong>Distribution d\u2019une correction type enti\u00e8rement r\u00e9dig\u00e9e<\/strong><\/li>\n<\/ul>\n<\/li>\n<\/ul>\n\t\t\t\t\t\t<h4 tabindex=\"0\">M\u00e9thodologie<\/h4>\n\t\t\t<ul>\n<li>Apports th\u00e9oriques altern\u00e9s avec de nombreux exercices pratiques d&rsquo;entra\u00eenement pour une bonne maitrise de chaque \u00e9tape de la m\u00e9thodologie<\/li>\n<li>Un sujet d\u2019entrainement est donn\u00e9\u00a0\u00e0 \u00a0l\u2019issue de la formation \u00e0 faire dans les conditions de l&rsquo;\u00e9preuve. Il fera l&rsquo;objet d&rsquo;une correction personnalis\u00e9e avec commentaires et conseils et remise d&rsquo;une correction type enti\u00e8rement r\u00e9dig\u00e9e. Une journ\u00e9e de correction en pr\u00e9sidentiel permet d&rsquo;\u00e9changer avec les stagiaires.<\/li>\n<\/ul>\n","protected":false},"excerpt":{"rendered":"<p>M\u00e9thodologie du cas pratique Les Cours\u00a0\/ M\u00e9thodologie du cas pratique Public Tout agent souhaitant pr\u00e9senter un concours ou un examen professionnel comportant une \u00e9preuve de cas pratique Dur\u00e9e 2 s\u00e9ances d&rsquo;une demi-journ\u00e9e\/mois sur 10 mois. Une journ\u00e9e de correction du devoir en pr\u00e9sentiel. Objectifs Comprendre les caract\u00e9ristiques de l\u2019\u00e9preuve et les attentes du jury Maitriser &hellip;<\/p>\n<p class=\"read-more\"> <a class=\"\" href=\"https:\/\/www.reussir-sa-formation.com\/?page_id=2184\"> <span class=\"screen-reader-text\">M\u00e9thodologie du cas pratique<\/span>Lire plus &raquo;<\/a><\/p>\n","protected":false},"author":2,"featured_media":0,"parent":2170,"menu_order":0,"comment_status":"closed","ping_status":"closed","template":"","meta":[],"_links":{"self":[{"href":"https:\/\/www.reussir-sa-formation.com\/index.php?rest_route=\/wp\/v2\/pages\/2184"}],"collection":[{"href":"https:\/\/www.reussir-sa-formation.com\/index.php?rest_route=\/wp\/v2\/pages"}],"about":[{"href":"https:\/\/www.reussir-sa-formation.com\/index.php?rest_route=\/wp\/v2\/types\/page"}],"author":[{"embeddable":true,"href":"https:\/\/www.reussir-sa-formation.com\/index.php?rest_route=\/wp\/v2\/users\/2"}],"replies":[{"embeddable":true,"href":"https:\/\/www.reussir-sa-formation.com\/index.php?rest_route=%2Fwp%2Fv2%2Fcomments&post=2184"}],"version-history":[{"count":4,"href":"https:\/\/www.reussir-sa-formation.com\/index.php?rest_route=\/wp\/v2\/pages\/2184\/revisions"}],"predecessor-version":[{"id":2194,"href":"https:\/\/www.reussir-sa-formation.com\/index.php?rest_route=\/wp\/v2\/pages\/2184\/revisions\/2194"}],"up":[{"embeddable":true,"href":"https:\/\/www.reussir-sa-formation.com\/index.php?rest_route=\/wp\/v2\/pages\/2170"}],"wp:attachment":[{"href":"https:\/\/www.reussir-sa-formation.com\/index.php?rest_route=%2Fwp%2Fv2%2Fmedia&parent=2184"}],"curies":[{"name":"wp","href":"https:\/\/api.w.org\/{rel}","templated":true}]}}