{"id":2181,"date":"2020-10-27T20:41:54","date_gmt":"2020-10-27T20:41:54","guid":{"rendered":"http:\/\/www.reussir-sa-formation.com\/?page_id=2181"},"modified":"2025-09-02T11:04:39","modified_gmt":"2025-09-02T11:04:39","slug":"droit-public","status":"publish","type":"page","link":"https:\/\/www.reussir-sa-formation.com\/?page_id=2181","title":{"rendered":"Droit public"},"content":{"rendered":"\n\t<h3>\n\t\t\t\tDroit public : connaissances administratives g\u00e9n\u00e9rales\n\t\t\t<\/h3>\n\t<p><a href=\"http:\/\/www.reussir-sa-formation.com\/?page_id=2170\">Les Cours<\/a>\u00a0\/ Droit public : connaissances administratives g\u00e9n\u00e9rales<\/p>\n\t\t\t<h4>Public<\/h4>\t\t\t\n\t\t\t\t<p>Tout agent souhaitant acqu\u00e9rir des connaissances sur le fonctionnement des institutions fran\u00e7aises et am\u00e9liorer sa culture g\u00e9n\u00e9rale administrative.\u00a0<\/p>\n<p>Tout agent pr\u00e9parant l&rsquo;\u00e9preuve orale d&rsquo;entretien avec le jury d&rsquo;un concours ou examen professionnel.<\/p>\n\t\t\t<h4>Dur\u00e9e<\/h4>\t\t\t\n\t\t\t\t<p>Cours dispens\u00e9s par demi-journ\u00e9es \u00e0 raison de deux demi-journ\u00e9es par mois<\/p>\n\t\t\t\t\t\t<h4 tabindex=\"0\">Objectifs<\/h4>\n\t\t\t<ul>\n<li>Connaitre l\u2019organisation administrative de la France\u00a0notamment la composition et le r\u00f4le des institutions.<\/li>\n<li>Comprendre le fonctionnement de son environnement administratif<\/li>\n<\/ul>\n\t\t\t\t\t\t<h4 tabindex=\"0\">Programme<\/h4>\n\t\t\t<p><strong>1er module :<\/strong><\/p>\n<ul>\n<li>Les grands principes de l\u2019Administration fran\u00e7aise<\/li>\n<li>La notion de service public<\/li>\n<li>Les organes de l\u2019\u00c9tat<\/li>\n<ul>\n<li>Le Pr\u00e9sident de la R\u00e9publique<\/li>\n<li>Le Parlement<\/li>\n<li>Le Conseil constitutionnel<\/li>\n<li>Le Conseil \u00e9conomique, social et environnemental<\/li>\n<\/ul>\n<li>L\u2019Administration centrale<\/li>\n<li>Le minist\u00e8re de l\u2019Int\u00e9rieur<\/li>\n<\/ul>\n<p><strong>2\u00e8me module :<\/strong><\/p>\n<ul>\n<li>Le principe de la d\u00e9concentration<\/li>\n<li>Les services d\u00e9concentr\u00e9s de l\u2019Etat<\/li>\n<ul>\n<li>Les services d\u00e9concentr\u00e9s r\u00e9gionaux<\/li>\n<li>Les services d\u00e9concentr\u00e9s d\u00e9partementaux<\/li>\n<ul>\n<li>Les pr\u00e9fectures<\/li>\n<li>Les directions d\u00e9partementales<\/li>\n<\/ul>\n<\/ul>\n<\/ul>\n<p><strong>3\u00e8me module :<\/strong><\/p>\n<ul>\n<li>Les services de l\u2019Education nationale<\/li>\n<ul>\n<li>Les acad\u00e9mies <\/li>\n<ul>\n<li>Le Recteur<\/li>\n<\/ul>\n<li>Les services d\u00e9partementaux de l\u2019Education nationale<\/li>\n<li>Les \u00e9tablissements publics locaux : lyc\u00e9es, coll\u00e8ges<\/li>\n<\/ul>\n<li>Les services de l\u2019Enseignement sup\u00e9rieur<\/li>\n<ul>\n<li>Le Minist\u00e8re de l\u2019Enseignement sup\u00e9rieur<\/li>\n<li>L\u2019Universit\u00e9<\/li>\n<ul>\n<li>Composition et fonctionnement<\/li>\n<li>Le statut du personnel universitaire<\/li>\n<li>Le budget de l\u2019Universit\u00e9<\/li>\n<\/ul>\n<\/ul>\n<\/ul>\n<p><strong>4\u00e8me module : La r\u00e9forme de l\u2019Etat<\/strong><\/p>\n<ul>\n<li>Historique <\/li>\n<li>La LOLF<\/li>\n<li>La RGPP<\/li>\n<li>La REATE<\/li>\n<li>Le PPNG<\/li>\n<li>La charte de d\u00e9concentration<\/li>\n<li>Le label diversit\u00e9 \u00e9galit\u00e9<\/li>\n<li>Action publique 2022<\/li>\n<li>Modernisation de la fonction publique : les directions minist\u00e9rielles<\/li>\n<li>Loi de transformation de la fonction publique du 6 ao\u00fbt 2019<\/li>\n<\/ul>\n<p><strong>5\u00e8me module :<\/strong><\/p>\n<ul>\n<li>Les \u00e9tablissements publics<\/li>\n<ul>\n<li>Statut et fonctionnement<\/li>\n<li>Les cat\u00e9gories d\u2019\u00e9tablissements publics<\/li>\n<li>Les modes de gestion des \u00e9tablissements publics<\/li>\n<ul>\n<li>La gestion directe<\/li>\n<li>La gestion d\u00e9l\u00e9gu\u00e9e<\/li>\n<\/ul>\n<\/ul>\n<li>Le statut de l\u2019Outre-Mer<\/li>\n<li>Le statut de la Corse<\/li>\n<\/ul>\n<p><strong>6\u00e8me module :<\/strong><\/p>\n<ul>\n<li>Les principes de la comptabilit\u00e9 publique<\/li>\n<li>Le budget de l\u2019Etat (la LOLF)<\/li>\n<li>L\u2019ex\u00e9cution des d\u00e9penses publiques<\/li>\n<li>Le contr\u00f4le financier <\/li>\n<ul>\n<li>La Cour des comptes<\/li>\n<li>La Chambre r\u00e9gionale des comptes<\/li>\n<\/ul>\n<li>Les budgets des collectivit\u00e9s territoriales<\/li>\n<\/ul>\n<p><strong>7\u00e8me module :<\/strong><\/p>\n<ul>\n<li>Le principe de d\u00e9centralisation<\/li>\n<ul>\n<li>Le contr\u00f4le de l\u00e9galit\u00e9 des actes administratifs<\/li>\n<\/ul>\n<li>Les \u00e9tapes de la d\u00e9centralisation <\/li>\n<li>Le conseil r\u00e9gional<\/li>\n<li>Le conseil d\u00e9partemental<\/li>\n<li>La commune<\/li>\n<li>Les EPCI<\/li>\n<li>Les organismes de gestion : CNFPT et CDG<\/li>\n<\/ul>\n<p><strong>8\u00e8me module :<\/strong><\/p>\n<ul>\n<li>Les organismes paritaires :<\/li>\n<ul>\n<li>Le comit\u00e9 social territorial (FPT)<\/li>\n<li>Le comit\u00e9 social d\u2019administration (FPE)<\/li>\n<li>Le comit\u00e9 social d\u2019\u00e9tablissement (FPH)<\/li>\n<li>La commission administrative paritaire<\/li>\n<li>La commission consultative paritaire<\/li>\n<\/ul>\n<li>Les lignes directrices de gestion<\/li>\n<li>La s\u00e9curit\u00e9 et sant\u00e9 au travail<\/li>\n<ul>\n<li>Les intervenants<\/li>\n<li>Le document unique<\/li>\n<\/ul>\n<\/ul>\n<p><strong>9\u00e8me module :<\/strong><\/p>\n<ul>\n<li>Les droits et obligations des fonctionnaires<\/li>\n<li>La d\u00e9ontologie : apports l\u00e9gislatifs<\/li>\n<li>Les sanctions (disciplinaires, civiles et p\u00e9nales)<\/li>\n<li>Les positions <\/li>\n<li>La carri\u00e8re<\/li>\n<\/ul>\n<p><strong>10\u00e8me module :<\/strong><\/p>\n<ul>\n<li>La responsabilit\u00e9 administrative<\/li>\n<li>La juridiction administrative <\/li>\n<ul>\n<li>Le tribunal administratif<\/li>\n<li>La cour administrative d\u2019appel<\/li>\n<li>Le conseil d\u2019Etat<\/li>\n<\/ul>\n<\/ul>\n\t\t\t\t\t\t<h4 tabindex=\"0\">M\u00e9thodologie<\/h4>\n\t\t\t<ul>\n<li>Apports th\u00e9oriques<\/li>\n<li>Chaque module comporte un QCM d&rsquo;\u00e9valuation des connaissances\u00a0<\/li>\n<li>Echanges et r\u00e9flexions<\/li>\n<\/ul>\n<p>\u00a0<\/p>\n<p>\u00a0<\/p>\n","protected":false},"excerpt":{"rendered":"<p>Droit public : connaissances administratives g\u00e9n\u00e9rales Les Cours\u00a0\/ Droit public : connaissances administratives g\u00e9n\u00e9rales Public Tout agent souhaitant acqu\u00e9rir des connaissances sur le fonctionnement des institutions fran\u00e7aises et am\u00e9liorer sa culture g\u00e9n\u00e9rale administrative.\u00a0 Tout agent pr\u00e9parant l&rsquo;\u00e9preuve orale d&rsquo;entretien avec le jury d&rsquo;un concours ou examen professionnel. Dur\u00e9e Cours dispens\u00e9s par demi-journ\u00e9es \u00e0 raison de &hellip;<\/p>\n<p class=\"read-more\"> <a class=\"\" href=\"https:\/\/www.reussir-sa-formation.com\/?page_id=2181\"> <span class=\"screen-reader-text\">Droit public<\/span>Lire plus &raquo;<\/a><\/p>\n","protected":false},"author":2,"featured_media":0,"parent":2170,"menu_order":0,"comment_status":"closed","ping_status":"closed","template":"","meta":[],"_links":{"self":[{"href":"https:\/\/www.reussir-sa-formation.com\/index.php?rest_route=\/wp\/v2\/pages\/2181"}],"collection":[{"href":"https:\/\/www.reussir-sa-formation.com\/index.php?rest_route=\/wp\/v2\/pages"}],"about":[{"href":"https:\/\/www.reussir-sa-formation.com\/index.php?rest_route=\/wp\/v2\/types\/page"}],"author":[{"embeddable":true,"href":"https:\/\/www.reussir-sa-formation.com\/index.php?rest_route=\/wp\/v2\/users\/2"}],"replies":[{"embeddable":true,"href":"https:\/\/www.reussir-sa-formation.com\/index.php?rest_route=%2Fwp%2Fv2%2Fcomments&post=2181"}],"version-history":[{"count":13,"href":"https:\/\/www.reussir-sa-formation.com\/index.php?rest_route=\/wp\/v2\/pages\/2181\/revisions"}],"predecessor-version":[{"id":2368,"href":"https:\/\/www.reussir-sa-formation.com\/index.php?rest_route=\/wp\/v2\/pages\/2181\/revisions\/2368"}],"up":[{"embeddable":true,"href":"https:\/\/www.reussir-sa-formation.com\/index.php?rest_route=\/wp\/v2\/pages\/2170"}],"wp:attachment":[{"href":"https:\/\/www.reussir-sa-formation.com\/index.php?rest_route=%2Fwp%2Fv2%2Fmedia&parent=2181"}],"curies":[{"name":"wp","href":"https:\/\/api.w.org\/{rel}","templated":true}]}}