{"id":21,"date":"2013-07-21T19:18:03","date_gmt":"2013-07-21T19:18:03","guid":{"rendered":"http:\/\/www.reussir-sa-formation.com\/?page_id=21"},"modified":"2021-07-12T13:23:02","modified_gmt":"2021-07-12T13:23:02","slug":"ressources-humaines","status":"publish","type":"page","link":"https:\/\/www.reussir-sa-formation.com\/?page_id=21","title":{"rendered":"Ressources Humaines"},"content":{"rendered":"<h2>\n\t\tRessources Humaines\n\t<\/h2>\n\t<h2>La nouvelle carri\u00e8re administrative.<\/h2>\n<p>La fonction publique connait une v\u00e9ritable mutation depuis quelques ann\u00e9es avec la professionnalisation de la gestion des ressources humaines.<\/p>\n<p>Pour accompagner ces \u00e9volutions, une gamme de formation vous est propos\u00e9e afin de permettre aux acteurs de la Ressource Humaine dans la fonction publique de s&rsquo;adapter aux multiples r\u00e9formes.<\/p>\n\t<h3>Les formations en ressources humaines<\/h3>\n\t<ul>\n\t\t<li><a href=\"http:\/\/www.reussir-sa-formation.com\/?page_id=1066\" target=\"_self\" rel=\"noopener noreferrer\"><\/a>\t\t\t\t\n\t\t<h5>La protection sociale des fonctionnaires<\/h5 ><\/li><li><a href=\"http:\/\/www.reussir-sa-formation.com\/?page_id=1079\" target=\"_self\" rel=\"noopener noreferrer\"><\/a>\t\t\t\t\n\t\t<h5>Le CV et la lettre de motivation<\/h5 ><\/li><li><a href=\"http:\/\/www.reussir-sa-formation.com\/?page_id=986\" target=\"_self\" rel=\"noopener noreferrer\"><\/a>\t\t\t\t\n\t\t<h5>Le statut de la fonction publique<\/h5 ><\/li><li><a href=\"https:\/\/www.reussir-sa-formation.com\/?page_id=2234\" target=\"_self\" rel=\"noopener noreferrer\"><\/a>\t\t\t\t\n\t\t<h5>Formation : analyse des besoins et r\u00e9daction du cahier des charges<\/h5 ><\/li><li><a href=\"https:\/\/www.reussir-sa-formation.com\/?page_id=2249\" target=\"_self\" rel=\"noopener noreferrer\"><\/a>\t\t\t\t\n\t\t<h5>La gestion pr\u00e9visionnelle des emplois et des effectifs dans la fonction publique de l&rsquo;Etat<\/h5 ><\/li>\t<\/ul>\n\t\t<h3>Une de ces formations vous int\u00e9resse ?<\/h3>\n\t\t\t\t<p><strong>ENVOYEZ-MOI UNE DEMANDE DE DEVIS SANS ENGAGEMENT<\/strong><\/p>\n\t\t\t<a href=\"http:\/\/www.reussir-sa-formation.com\/?page_id=37\" target=\"_self\" role=\"button\" rel=\"noopener noreferrer\">\n\t\t\t\t\t\t\tCONTACT\n\t\t<\/a>\n","protected":false},"excerpt":{"rendered":"<p>Ressources Humaines La nouvelle carri\u00e8re administrative. La fonction publique connait une v\u00e9ritable mutation depuis quelques ann\u00e9es avec la professionnalisation de la gestion des ressources humaines. Pour accompagner ces \u00e9volutions, une gamme de formation vous est propos\u00e9e afin de permettre aux acteurs de la Ressource Humaine dans la fonction publique de s&rsquo;adapter aux multiples r\u00e9formes. Les &hellip;<\/p>\n<p class=\"read-more\"> <a class=\"\" href=\"https:\/\/www.reussir-sa-formation.com\/?page_id=21\"> <span class=\"screen-reader-text\">Ressources Humaines<\/span>Lire plus &raquo;<\/a><\/p>\n","protected":false},"author":1,"featured_media":0,"parent":12,"menu_order":0,"comment_status":"closed","ping_status":"open","template":"","meta":[],"_links":{"self":[{"href":"https:\/\/www.reussir-sa-formation.com\/index.php?rest_route=\/wp\/v2\/pages\/21"}],"collection":[{"href":"https:\/\/www.reussir-sa-formation.com\/index.php?rest_route=\/wp\/v2\/pages"}],"about":[{"href":"https:\/\/www.reussir-sa-formation.com\/index.php?rest_route=\/wp\/v2\/types\/page"}],"author":[{"embeddable":true,"href":"https:\/\/www.reussir-sa-formation.com\/index.php?rest_route=\/wp\/v2\/users\/1"}],"replies":[{"embeddable":true,"href":"https:\/\/www.reussir-sa-formation.com\/index.php?rest_route=%2Fwp%2Fv2%2Fcomments&post=21"}],"version-history":[{"count":35,"href":"https:\/\/www.reussir-sa-formation.com\/index.php?rest_route=\/wp\/v2\/pages\/21\/revisions"}],"predecessor-version":[{"id":2254,"href":"https:\/\/www.reussir-sa-formation.com\/index.php?rest_route=\/wp\/v2\/pages\/21\/revisions\/2254"}],"up":[{"embeddable":true,"href":"https:\/\/www.reussir-sa-formation.com\/index.php?rest_route=\/wp\/v2\/pages\/12"}],"wp:attachment":[{"href":"https:\/\/www.reussir-sa-formation.com\/index.php?rest_route=%2Fwp%2Fv2%2Fmedia&parent=21"}],"curies":[{"name":"wp","href":"https:\/\/api.w.org\/{rel}","templated":true}]}}