{"id":2019,"date":"2018-12-21T20:36:06","date_gmt":"2018-12-21T20:36:06","guid":{"rendered":"http:\/\/www.reussir-sa-formation.com\/?page_id=2019"},"modified":"2018-12-21T20:54:21","modified_gmt":"2018-12-21T20:54:21","slug":"communication","status":"publish","type":"page","link":"https:\/\/www.reussir-sa-formation.com\/?page_id=2019","title":{"rendered":"Communication"},"content":{"rendered":"<p>&nbsp;<\/p>\n<h2>Acqu\u00e9rir de l&rsquo;aisance dans l&rsquo;expression orale.<\/h2>\n<p>Lors d&rsquo;une r\u00e9union, face \u00e0 un jury, lors d&rsquo;un entretien&#8230; les \u00e9l\u00e9ments essentiels de la communication doivent \u00eatre optimis\u00e9s. Apprenez \u00e0 ma\u00eetriser votre communication verbale et non verbale pour pr\u00e9parer et animer votre intervention avec aisance.<\/p>\n<h3>Nos formations en Communication<\/h3>\n<ul>\n<li>\n<h5>Prise de parole en public&lt;\/h5 &gt;<\/h5>\n<\/li>\n<\/ul>\n","protected":false},"excerpt":{"rendered":"<p>&nbsp; Acqu\u00e9rir de l&rsquo;aisance dans l&rsquo;expression orale. Lors d&rsquo;une r\u00e9union, face \u00e0 un jury, lors d&rsquo;un entretien&#8230; les \u00e9l\u00e9ments essentiels de la communication doivent \u00eatre optimis\u00e9s. Apprenez \u00e0 ma\u00eetriser votre communication verbale et non verbale pour pr\u00e9parer et animer votre intervention avec aisance. Nos formations en Communication Prise de parole en public&lt;\/h5 &gt;<\/p>\n","protected":false},"author":2,"featured_media":0,"parent":12,"menu_order":0,"comment_status":"closed","ping_status":"closed","template":"","meta":[],"_links":{"self":[{"href":"https:\/\/www.reussir-sa-formation.com\/index.php?rest_route=\/wp\/v2\/pages\/2019"}],"collection":[{"href":"https:\/\/www.reussir-sa-formation.com\/index.php?rest_route=\/wp\/v2\/pages"}],"about":[{"href":"https:\/\/www.reussir-sa-formation.com\/index.php?rest_route=\/wp\/v2\/types\/page"}],"author":[{"embeddable":true,"href":"https:\/\/www.reussir-sa-formation.com\/index.php?rest_route=\/wp\/v2\/users\/2"}],"replies":[{"embeddable":true,"href":"https:\/\/www.reussir-sa-formation.com\/index.php?rest_route=%2Fwp%2Fv2%2Fcomments&post=2019"}],"version-history":[{"count":3,"href":"https:\/\/www.reussir-sa-formation.com\/index.php?rest_route=\/wp\/v2\/pages\/2019\/revisions"}],"predecessor-version":[{"id":2029,"href":"https:\/\/www.reussir-sa-formation.com\/index.php?rest_route=\/wp\/v2\/pages\/2019\/revisions\/2029"}],"up":[{"embeddable":true,"href":"https:\/\/www.reussir-sa-formation.com\/index.php?rest_route=\/wp\/v2\/pages\/12"}],"wp:attachment":[{"href":"https:\/\/www.reussir-sa-formation.com\/index.php?rest_route=%2Fwp%2Fv2%2Fmedia&parent=2019"}],"curies":[{"name":"wp","href":"https:\/\/api.w.org\/{rel}","templated":true}]}}