{"id":1909,"date":"2018-07-01T10:20:02","date_gmt":"2018-07-01T10:20:02","guid":{"rendered":"http:\/\/www.reussir-sa-formation.com\/?page_id=1909"},"modified":"2020-03-04T09:37:15","modified_gmt":"2020-03-04T09:37:15","slug":"accueil2","status":"publish","type":"page","link":"https:\/\/www.reussir-sa-formation.com\/","title":{"rendered":"Accueil"},"content":{"rendered":"\n\t\t\t<h1>Optimisez la performance de vos collaborateurs<\/h1><h5>La formation fait partie int\u00e9grante de la vie professionnelle. Que ce soit pour am\u00e9liorer vos comp\u00e9tences ou pour pr\u00e9parer un concours, vous trouverez ici des formations efficaces et de qualit\u00e9.<\/h5>\t\t\t\n\t\t\t\t<img src=\"http:\/\/www.reussir-sa-formation.com\/wp-content\/uploads\/2017\/01\/sdis84.jpg\" alt=\"sdis84\" itemprop=\"image\" title=\"sdis84\"  \/>\n\t\t\t\t<img src=\"http:\/\/www.reussir-sa-formation.com\/wp-content\/uploads\/2017\/01\/Logo-bichromie-centre-national-fonction-publique-territoriale.jpg\" alt=\"Logo-bichromie-centre-national-fonction-publique-territoriale\" itemprop=\"image\" title=\"Logo-bichromie-centre-national-fonction-publique-territoriale\"  \/>\n\t\t\t\t<img src=\"http:\/\/www.reussir-sa-formation.com\/wp-content\/uploads\/2017\/01\/LOGO_PREFECTURE.jpg\" alt=\"LOGO_PREFECTURE\" itemprop=\"image\" title=\"LOGO_PREFECTURE\"  \/>\n\t\t\t\t<img src=\"http:\/\/www.reussir-sa-formation.com\/wp-content\/uploads\/2017\/01\/logo_ustv.jpg\" alt=\"logoustv_ok\" itemprop=\"image\" title=\"logoustv_ok\"  \/>\n\t\t\t\t<img src=\"http:\/\/www.reussir-sa-formation.com\/wp-content\/uploads\/2017\/01\/IRA.jpg\" alt=\"IRA\" itemprop=\"image\" title=\"IRA\"  \/>\n\t\t\t\t<img src=\"http:\/\/www.reussir-sa-formation.com\/wp-content\/uploads\/2017\/01\/CNMSS.jpg\" alt=\"CNMSS\" itemprop=\"image\" title=\"CNMSS\"  \/>\n\t\t\t\t<img src=\"http:\/\/www.reussir-sa-formation.com\/wp-content\/uploads\/2018\/07\/mamdetour.png\" alt=\"mamdetour\" itemprop=\"image\"  \/>\n\t<h5>\n\t\t\t\tLa Formatrice\n\t\t\t<\/h5>\n\t\t<p>Formatrice\/Consultante, j&rsquo;interviens dans les domaines des ressources\u00a0humaines, du management, de la communication, des finances et march\u00e9s publics,\u00a0ainsi que du droit public.J&rsquo;ai \u00e9galement anim\u00e9 ces derni\u00e8res ann\u00e9es des stages de\u00a0pr\u00e9paration aux concours et examens professionnels administratifs.<a href=\"http:\/\/www.reussir-sa-formation.com\/?page_id=11\">En apprendre plus sur mon parcours<\/a><\/p>\t\n\t\t\t\t<img src=\"http:\/\/www.reussir-sa-formation.com\/wp-content\/uploads\/2018\/07\/Untitled-3.png\" alt=\"Untitled-3\" itemprop=\"image\"  \/>\n<h2>\n\t\tLes formations\n\t<\/h2>\n\t<p><strong>Un savoir faire qui r\u00e9pond de mani\u00e8re adapt\u00e9e,\u00a0<\/strong><strong>au plus pr\u00e8s des besoins professionnels en\u00a0<\/strong><strong>favorisant l\u2019\u00e9change et l\u2019interactivit\u00e9.<\/strong><\/p>\n<p>Ma m\u00e9thode p\u00e9dagogique permet le d\u00e9veloppement des comp\u00e9tences gr\u00e2ce \u00e0 \u00a0une approche pratique et concr\u00e8te. Les exemples et exercices propos\u00e9s sont issus de l\u2019exp\u00e9rience et de la culture de la structure.<\/p>\n\t\t\t\t\t\t\t\t\t\t\t\t<h4>Management<\/h4>\n\t\t\t\t\t\t<p><strong>_____<\/strong><\/p>\t\t\t\t\t\n\t\t\t<!-- END .front -->\n\t\t\t\t\t\t<p>Ces formations permettront de cerner les enjeux du management, de d\u00e9jouer les difficult\u00e9s li\u00e9es \u00e0 la mission de cadre : motiver une \u00e9quipe, g\u00e9rer les conflits, accompagner le changement, conduire un entretien, une r\u00e9union&#8230; chacun des th\u00e8mes abord\u00e9s aide \u00e0 asseoir ses comp\u00e9tences manag\u00e9riales, \u00e0 s&rsquo;ancrer dans son r\u00f4le et\u00a0\u00e0 perfectionner sa communication.<\/p>\t\t\t\t\t\n\t\t\t<a href=\"http:\/\/www.reussir-sa-formation.com\/?page_id=19\" target=\"_self\" role=\"button\" rel=\"noopener noreferrer\">\n\t\t\t\t\t\t\tListe des formations\n\t\t<\/a>\n\t\t\t<!-- END .back -->\n\t\t <!-- ifb-flip-box -->\n\t <!-- flip-box -->\n\t\t\t\t\t\t\t\t\t\t\t\t<h4>Culture g\u00e9n\u00e9rale administrative<\/h4>\n\t\t\t\t\t\t<p><strong>_____<\/strong><\/p>\t\t\t\t\t\n\t\t\t<!-- END .front -->\n\t\t\t\t\t\t<p>Destin\u00e9 tout particuli\u00e8rement aux candidats se pr\u00e9parant aux concours administratifs ou aux examens professionnels, ce domaine de formation int\u00e9ressera \u00e9galement un plus large public d\u00e9sireux de parfaire sa culture administrative.<\/p>\t\t\t\t\t\n\t\t\t<a href=\"http:\/\/www.reussir-sa-formation.com\/?page_id=27\" target=\"_self\" role=\"button\" rel=\"noopener noreferrer\">\n\t\t\t\t\t\t\tListe des formations\n\t\t<\/a>\n\t\t\t<!-- END .back -->\n\t\t <!-- ifb-flip-box -->\n\t <!-- flip-box -->\n\t\t\t\t\t\t\t\t\t\t\t\t<h4>Pr\u00e9paration concours et examens professionnels de la fonction publique<\/h4>\n\t\t\t\t\t\t<p><strong>_____<\/strong><\/p>\t\t\t\t\t\n\t\t\t<!-- END .front -->\n\t\t\t\t\t\t<p>Ces formations permettent de comprendre les attentes du jury, de s&rsquo;entrainer aux \u00e9preuves selon les exigences requises par le secteur public et dispensent l&rsquo;essentiel du savoir pour s&rsquo;int\u00e9grer dans l&rsquo;environnement professionnel.<\/p>\t\t\t\t\t\n\t\t\t<a href=\"http:\/\/www.reussir-sa-formation.com\/?page_id=25\" target=\"_self\" role=\"button\" rel=\"noopener noreferrer\">\n\t\t\t\t\t\t\tListe des formations\n\t\t<\/a>\n\t\t\t<!-- END .back -->\n\t\t <!-- ifb-flip-box -->\n\t <!-- flip-box -->\n\t\t\t\t\t\t\t\t\t\t\t\t<h4>Ressources humaines<\/h4>\n\t\t\t\t\t\t<p><strong>_____<\/strong><\/p>\t\t\t\t\t\n\t\t\t<!-- END .front -->\n\t\t\t\t\t\t<p>La fonction publique connait une v\u00e9ritable mutation depuis quelques ann\u00e9es avec la professionnalisation de la gestion des ressources humaines.\u00a0Pour accompagner ces \u00e9volutions, une gamme de formation vous est propos\u00e9e afin de permettre aux acteurs de la Ressource Humaine dans la fonction publique de s&rsquo;adapter aux multiples r\u00e9formes.<\/p>\t\t\t\t\t\n\t\t\t<a href=\"http:\/\/www.reussir-sa-formation.com\/?page_id=21\" target=\"_self\" role=\"button\" rel=\"noopener noreferrer\">\n\t\t\t\t\t\t\tListe des formations\n\t\t<\/a>\n\t\t\t<!-- END .back -->\n\t\t <!-- ifb-flip-box -->\n\t <!-- flip-box -->\n\t\t\t\t\t\t\t\t\t\t\t\t<h4>Secr\u00e9tariat<\/h4>\n\t\t\t\t\t\t<p><strong>_____<\/strong><\/p>\t\t\t\t\t\n\t\t\t<!-- END .front -->\n\t\t\t\t\t\t<p>Ces formations apportent les cl\u00e9s et les outils n\u00e9cessaires pour maitriser le style et le vocabulaire administratifs, les diff\u00e9rentes pr\u00e9sentations formelles et l&rsquo;organisation logique du contenu des\u00a0\u00e9crits professionnels.<\/p>\t\t\t\t\t\n\t\t\t<a href=\"http:\/\/www.reussir-sa-formation.com\/?page_id=23\" target=\"_self\" role=\"button\" rel=\"noopener noreferrer\">\n\t\t\t\t\t\t\tListe des formations\n\t\t<\/a>\n\t\t\t<!-- END .back -->\n\t\t <!-- ifb-flip-box -->\n\t <!-- flip-box -->\n\t\t\t<a href=\"http:\/\/www.reussir-sa-formation.com\/?page_id=12\" target=\"_self\" role=\"button\" rel=\"noopener noreferrer\">\n\t\t\t\t\t\t\tVOIR TOUTES LES FORMATIONS\n\t\t<\/a>\n\t<h5>\n\t\t\t\tCe qu&rsquo;ils en pensent\n\t\t\t<\/h5>\n\t\t<p>Extraits de t\u00e9moignages de stagaires et clients.<\/p>\t\n\t<ul>\n\t\t<li>\t\t\n\t\t\t\t<img src=\"http:\/\/www.reussir-sa-formation.com\/wp-content\/uploads\/2018\/07\/user-fem2.png\" alt=\"user-fem2\" itemprop=\"image\"\/>\n\t\t<p>\u00ab\u00a0Son animation autour du th\u00e8me du dossier RAEP est tr\u00e8s concr\u00eate et tr\u00e8s technique.\u00a0\u00bb<strong>Marie Cromer<\/strong>\u00a0<br \/><em>Attach\u00e9 au Minist\u00e8re de la D\u00e9fense<\/em><\/p><\/li><li>\t\t\n\t\t\t\t<img src=\"http:\/\/www.reussir-sa-formation.com\/wp-content\/uploads\/2018\/07\/user-fem2.png\" alt=\"user-fem2\" itemprop=\"image\"\/>\n\t\t<p>\u00ab\u00a0Mich\u00e8le vous aidera \u00e0 avoir confiance en vous et surtout \u00e0 valoriser chacune de vos exp\u00e9riences. Je vous conseille fortement de suivre ses formations.\u00a0\u00bb<strong>Marie-Laurence Bonelli<br \/><\/strong><em>DR Jeunesse, Sports et Coh\u00e9sion Sociale de Corse<\/em><\/p><\/li>\t<\/ul>\n\t<ul>\n\t\t<li>\t\t\n\t\t\t\t<img src=\"http:\/\/www.reussir-sa-formation.com\/wp-content\/uploads\/2018\/07\/user-fem2.png\" alt=\"user-fem2\" itemprop=\"image\"\/>\n\t\t<p>\u00ab\u00a0Je suis admise \u00e0 \u00a0mon concours : j&rsquo;ai eu 14 \u00e0 \u00a0l&rsquo;\u00e9crit et 18 \u00e0 l&rsquo;oral. Merci encore pour votre aide.\u00a0\u00bb<strong>Gaelle Piferini<br \/><\/strong><em>Charg\u00e9e de communication et de l&rsquo;\u00e9v\u00e9nementiel \u00e0 l&rsquo;Universit\u00e9 de Corte en Corse<\/em><strong><br \/><\/strong><\/p><\/li><li>\t\t\n\t\t\t\t<img src=\"http:\/\/www.reussir-sa-formation.com\/wp-content\/uploads\/2018\/07\/user-mal.png\" alt=\"user-mal\" itemprop=\"image\"\/>\n\t\t<p>\u00ab\u00a0Si les \u00e9valuations en sont une illustration, la pr\u00e9paration de l&rsquo;intervention confirme le soin, la bonne humeur et le s\u00e9rieux apport\u00e9s dans la construction des parcours p\u00e9dagogiques.\u00a0\u00bb<strong>D.C.<br \/><\/strong><em>Directeur formation continue Institut R\u00e9gional d&rsquo;Administration<\/em><strong><br \/><\/strong><\/p><\/li>\t<\/ul>\n\t\t\t<a href=\"http:\/\/www.reussir-sa-formation.com\/?page_id=89\" target=\"_self\" role=\"button\" rel=\"noopener noreferrer\">\n\t\t\t\t\t\t\tPlus de r\u00e9f\u00e9rences\n\t\t<\/a>\n\t\t<h2>R\u00e9servez votre formation<\/h2>\n\t\t\t\t<p><strong>ENVOYEZ-MOI UNE DEMANDE DE DEVIS SANS ENGAGEMENT<\/strong><\/p>\n\t\t\t<a href=\"http:\/\/www.reussir-sa-formation.com\/?page_id=37\" target=\"_self\" role=\"button\" rel=\"noopener noreferrer\">\n\t\t\t\t\t\t\tCONTACT\n\t\t<\/a>\n","protected":false},"excerpt":{"rendered":"<p>Optimisez la performance de vos collaborateurs La formation fait partie int\u00e9grante de la vie professionnelle. Que ce soit pour am\u00e9liorer vos comp\u00e9tences ou pour pr\u00e9parer un concours, vous trouverez ici des formations efficaces et de qualit\u00e9. La Formatrice Formatrice\/Consultante, j&rsquo;interviens dans les domaines des ressources\u00a0humaines, du management, de la communication, des finances et march\u00e9s publics,\u00a0ainsi &hellip;<\/p>\n<p class=\"read-more\"> <a class=\"\" href=\"https:\/\/www.reussir-sa-formation.com\/\"> <span class=\"screen-reader-text\">Accueil<\/span>Lire plus &raquo;<\/a><\/p>\n","protected":false},"author":1,"featured_media":0,"parent":0,"menu_order":0,"comment_status":"closed","ping_status":"closed","template":"","meta":[],"_links":{"self":[{"href":"https:\/\/www.reussir-sa-formation.com\/index.php?rest_route=\/wp\/v2\/pages\/1909"}],"collection":[{"href":"https:\/\/www.reussir-sa-formation.com\/index.php?rest_route=\/wp\/v2\/pages"}],"about":[{"href":"https:\/\/www.reussir-sa-formation.com\/index.php?rest_route=\/wp\/v2\/types\/page"}],"author":[{"embeddable":true,"href":"https:\/\/www.reussir-sa-formation.com\/index.php?rest_route=\/wp\/v2\/users\/1"}],"replies":[{"embeddable":true,"href":"https:\/\/www.reussir-sa-formation.com\/index.php?rest_route=%2Fwp%2Fv2%2Fcomments&post=1909"}],"version-history":[{"count":21,"href":"https:\/\/www.reussir-sa-formation.com\/index.php?rest_route=\/wp\/v2\/pages\/1909\/revisions"}],"predecessor-version":[{"id":2059,"href":"https:\/\/www.reussir-sa-formation.com\/index.php?rest_route=\/wp\/v2\/pages\/1909\/revisions\/2059"}],"wp:attachment":[{"href":"https:\/\/www.reussir-sa-formation.com\/index.php?rest_route=%2Fwp%2Fv2%2Fmedia&parent=1909"}],"curies":[{"name":"wp","href":"https:\/\/api.w.org\/{rel}","templated":true}]}}