{"id":19,"date":"2013-07-21T19:17:41","date_gmt":"2013-07-21T19:17:41","guid":{"rendered":"http:\/\/www.reussir-sa-formation.com\/?page_id=19"},"modified":"2020-10-29T09:32:32","modified_gmt":"2020-10-29T09:32:32","slug":"management","status":"publish","type":"page","link":"https:\/\/www.reussir-sa-formation.com\/?page_id=19","title":{"rendered":"Management"},"content":{"rendered":"<h2>\n\t\tManagement\n\t<\/h2>\n\t<h2><strong>Motiver. Encadrer. R\u00e9ussir.<\/strong><\/h2>\n<strong>Ces formations vous permettront de cerner les enjeux<\/strong><br \/>\n<strong>du management, de d\u00e9jouer les difficult\u00e9s li\u00e9es \u00e0\u00a0 votre mission de cadre.\u00a0Motiver une \u00e9quipe, g\u00e9rer les conflits, accompagner le changement, conduire un entretien, une r\u00e9union&#8230; chacun des th\u00e8mes abord\u00e9s vous aide \u00e0\u00a0 asseoir vos comp\u00e9tences manageriales, \u00e0\u00a0vous ancrer dans votre r\u00f4le et\u00a0\u00e0 perfectionner votre communication.<\/strong>\n\t<h3>Les formations en Management<\/h3>\n\t<ul>\n\t\t<li><a href=\"http:\/\/www.reussir-sa-formation.com\/?page_id=50\" target=\"_self\" rel=\"noopener noreferrer\"><\/a>\t\t\t\t\n\t\t<h5>Conduite de r\u00e9union<\/h5 ><\/li><li><a href=\"http:\/\/www.reussir-sa-formation.com\/?page_id=54\" target=\"_self\" rel=\"noopener noreferrer\"><\/a>\t\t\t\t\n\t\t<h5>L&rsquo;entretien professionnel d&rsquo;\u00e9valuation<\/h5 ><\/li><li><a href=\"http:\/\/www.reussir-sa-formation.com\/?page_id=1362\" target=\"_self\" rel=\"noopener noreferrer\"><\/a>\t\t\t\t\n\t\t<h5>Management : les bases<\/h5 ><\/li><li><a href=\"https:\/\/www.reussir-sa-formation.com\/?page_id=2108\" target=\"_self\" rel=\"noopener noreferrer\"><\/a>\t\t\t\t\n\t\t<h5>Management interculturel<\/h5 ><\/li><li><a href=\"https:\/\/www.reussir-sa-formation.com\/?page_id=2122\" target=\"_self\" rel=\"noopener noreferrer\"><\/a>\t\t\t\t\n\t\t<h5>La gestion de projet<\/h5 ><\/li>\t<\/ul>\n\t\t<h3>Une de ces formations vous int\u00e9resse ?<\/h3>\n\t\t\t\t<p><strong>ENVOYEZ-MOI UNE DEMANDE DE DEVIS SANS ENGAGEMENT<\/strong><\/p>\n\t\t\t<a href=\"http:\/\/www.reussir-sa-formation.com\/?page_id=37\" target=\"_self\" role=\"button\" rel=\"noopener noreferrer\">\n\t\t\t\t\t\t\tCONTACT\n\t\t<\/a>\n","protected":false},"excerpt":{"rendered":"<p>Management Motiver. Encadrer. R\u00e9ussir. Ces formations vous permettront de cerner les enjeux du management, de d\u00e9jouer les difficult\u00e9s li\u00e9es \u00e0\u00a0 votre mission de cadre.\u00a0Motiver une \u00e9quipe, g\u00e9rer les conflits, accompagner le changement, conduire un entretien, une r\u00e9union&#8230; chacun des th\u00e8mes abord\u00e9s vous aide \u00e0\u00a0 asseoir vos comp\u00e9tences manageriales, \u00e0\u00a0vous ancrer dans votre r\u00f4le et\u00a0\u00e0 perfectionner &hellip;<\/p>\n<p class=\"read-more\"> <a class=\"\" href=\"https:\/\/www.reussir-sa-formation.com\/?page_id=19\"> <span class=\"screen-reader-text\">Management<\/span>Lire plus &raquo;<\/a><\/p>\n","protected":false},"author":1,"featured_media":0,"parent":12,"menu_order":0,"comment_status":"closed","ping_status":"open","template":"","meta":[],"_links":{"self":[{"href":"https:\/\/www.reussir-sa-formation.com\/index.php?rest_route=\/wp\/v2\/pages\/19"}],"collection":[{"href":"https:\/\/www.reussir-sa-formation.com\/index.php?rest_route=\/wp\/v2\/pages"}],"about":[{"href":"https:\/\/www.reussir-sa-formation.com\/index.php?rest_route=\/wp\/v2\/types\/page"}],"author":[{"embeddable":true,"href":"https:\/\/www.reussir-sa-formation.com\/index.php?rest_route=\/wp\/v2\/users\/1"}],"replies":[{"embeddable":true,"href":"https:\/\/www.reussir-sa-formation.com\/index.php?rest_route=%2Fwp%2Fv2%2Fcomments&post=19"}],"version-history":[{"count":56,"href":"https:\/\/www.reussir-sa-formation.com\/index.php?rest_route=\/wp\/v2\/pages\/19\/revisions"}],"predecessor-version":[{"id":2217,"href":"https:\/\/www.reussir-sa-formation.com\/index.php?rest_route=\/wp\/v2\/pages\/19\/revisions\/2217"}],"up":[{"embeddable":true,"href":"https:\/\/www.reussir-sa-formation.com\/index.php?rest_route=\/wp\/v2\/pages\/12"}],"wp:attachment":[{"href":"https:\/\/www.reussir-sa-formation.com\/index.php?rest_route=%2Fwp%2Fv2%2Fmedia&parent=19"}],"curies":[{"name":"wp","href":"https:\/\/api.w.org\/{rel}","templated":true}]}}