{"id":1602,"date":"2017-04-03T19:06:18","date_gmt":"2017-04-03T19:06:18","guid":{"rendered":"http:\/\/www.reussir-sa-formation.com\/?page_id=1602"},"modified":"2020-03-04T09:34:40","modified_gmt":"2020-03-04T09:34:40","slug":"preparation-des-examens-et-concours-coaching-personnalise","status":"publish","type":"page","link":"https:\/\/www.reussir-sa-formation.com\/?page_id=1602","title":{"rendered":"Coaching et soutien"},"content":{"rendered":"<h2>\n\t\tCOACHING\n\t<\/h2>\n\t<h2>Au plus pr\u00e8s de vos besoins.<\/h2>\n<p>Les s\u00e9ances de coaching permettent une formation individualis\u00e9e, \u00e0 votre rythme. Dans une d\u00e9marche de progr\u00e8s, elles repr\u00e9sentent une aide pr\u00e9cieuse pour vous mener vers la r\u00e9alisation de votre projet.<\/p>\n<p>Le coaching s\u2019effectue soit en face \u00e0 face, soit \u00e0 distance avec Skype.\u00a0<\/p>\n<h3><!--\n\t-->Des sessions individuelles men\u00e9es en fonction de<!--\t-->votre niveau.votre but.votre emploi du temps.<!--\t\n\t-->\n<\/h3>\n\t<h3>Domaines de coaching propos\u00e9s<\/h3>\n\t\t\t\t\t\t\t\t\t\t\t\t<h4>Pr\u00e9paration concours et examens professionnels<\/h4>\n\t\t\t\t\t\t<p><strong>_____<\/strong><\/p>\t\t\t\t\t\n\t\t\t<!-- END .front -->\n\t\t\t\t\t\t<p>Besoin d&rsquo;un coup de pouce ? Gr\u00e2ce \u00e0 ses comp\u00e9tences d&rsquo;enseignante, \u00e0 son exp\u00e9rience professionnelle (cadre administratif dans les fonctions publiques Etat et Territoriale ainsi que membre de \u00a0jury de concours \u00e0 l&rsquo;\u00e9crit et l&rsquo;oral), Mich\u00e8le vous aide \u00e0 progresser \u00e0 votre rythme. Apr\u00e8s un diagnostic de vos besoins, elle s&rsquo;attache \u00e0 vous faire travailler sur vos points faibles pour vous permettre de vous am\u00e9liorer. Elle vous prodiguera conseils et encouragements pour vous mener vers le succ\u00e8s.<\/p>\t\t\t\t\t\n\t\t\t<!-- END .back -->\n\t\t <!-- ifb-flip-box -->\n\t <!-- flip-box -->\n\t\t\t\t\t\t\t\t\t\t\t\t<h4>Relecture et correction de th\u00e8se, m\u00e9moire<\/h4>\n\t\t\t\t\t\t<p><strong>_____<\/strong><\/p>\t\t\t\t\t\n\t\t\t<!-- END .front -->\n\t\t\t\t\t\t<p>Vous souhaitez une aide pour la reformulation, la correction des fautes de syntaxe, d&rsquo;orthographe, la mise en page&#8230; ? Auteure d&rsquo;un m\u00e9moire de 136 pages sur \u00ab\u00a0l&rsquo;\u00e9mergence de la formation individuelle, facteur de d\u00e9veloppement des comp\u00e9tences dans les collectivit\u00e9s territoriales\u00a0\u00bb (note obtenue 17,50 &#8211; mention TB) dans le cadre d&rsquo;un Master II \u00ab\u00a0Fonction formation et comp\u00e9tences dans l&rsquo;espace europ\u00e9en\u00a0\u00bb \u00e0 l&rsquo;universit\u00e9 Paris I Panth\u00e9on Sorbonne, session 2008-2009, Mich\u00e8le vous apportera toute sa comp\u00e9tence et son exp\u00e9rience dans la r\u00e9alisation de votre ouvrage.<\/p>\t\t\t\t\t\n\t\t\t<!-- END .back -->\n\t\t <!-- ifb-flip-box -->\n\t <!-- flip-box -->\n\t\t<h2>Mettez toutes les chances de votre c\u00f4t\u00e9<\/h2>\n\t\t\t\t<p><strong>ENVOYEZ-MOI UNE DEMANDE DE DEVIS COACHING SANS ENGAGEMENT<\/strong><\/p>\n\t\t\t<a href=\"http:\/\/www.reussir-sa-formation.com\/?page_id=37\" target=\"_self\" role=\"button\" rel=\"noopener noreferrer\">\n\t\t\t\t\t\t\tCONTACT\n\t\t<\/a>\n","protected":false},"excerpt":{"rendered":"<p>COACHING Au plus pr\u00e8s de vos besoins. Les s\u00e9ances de coaching permettent une formation individualis\u00e9e, \u00e0 votre rythme. Dans une d\u00e9marche de progr\u00e8s, elles repr\u00e9sentent une aide pr\u00e9cieuse pour vous mener vers la r\u00e9alisation de votre projet. Le coaching s\u2019effectue soit en face \u00e0 face, soit \u00e0 distance avec Skype.\u00a0 Des sessions individuelles men\u00e9es en &hellip;<\/p>\n<p class=\"read-more\"> <a class=\"\" href=\"https:\/\/www.reussir-sa-formation.com\/?page_id=1602\"> <span class=\"screen-reader-text\">Coaching et soutien<\/span>Lire plus &raquo;<\/a><\/p>\n","protected":false},"author":2,"featured_media":0,"parent":0,"menu_order":7,"comment_status":"closed","ping_status":"closed","template":"","meta":[],"_links":{"self":[{"href":"https:\/\/www.reussir-sa-formation.com\/index.php?rest_route=\/wp\/v2\/pages\/1602"}],"collection":[{"href":"https:\/\/www.reussir-sa-formation.com\/index.php?rest_route=\/wp\/v2\/pages"}],"about":[{"href":"https:\/\/www.reussir-sa-formation.com\/index.php?rest_route=\/wp\/v2\/types\/page"}],"author":[{"embeddable":true,"href":"https:\/\/www.reussir-sa-formation.com\/index.php?rest_route=\/wp\/v2\/users\/2"}],"replies":[{"embeddable":true,"href":"https:\/\/www.reussir-sa-formation.com\/index.php?rest_route=%2Fwp%2Fv2%2Fcomments&post=1602"}],"version-history":[{"count":28,"href":"https:\/\/www.reussir-sa-formation.com\/index.php?rest_route=\/wp\/v2\/pages\/1602\/revisions"}],"predecessor-version":[{"id":2056,"href":"https:\/\/www.reussir-sa-formation.com\/index.php?rest_route=\/wp\/v2\/pages\/1602\/revisions\/2056"}],"wp:attachment":[{"href":"https:\/\/www.reussir-sa-formation.com\/index.php?rest_route=%2Fwp%2Fv2%2Fmedia&parent=1602"}],"curies":[{"name":"wp","href":"https:\/\/api.w.org\/{rel}","templated":true}]}}