{"id":1103,"date":"2014-02-06T17:51:07","date_gmt":"2014-02-06T17:51:07","guid":{"rendered":"http:\/\/www.reussir-sa-formation.com\/?page_id=1103"},"modified":"2018-06-30T10:01:04","modified_gmt":"2018-06-30T10:01:04","slug":"le-courrier-electronique-2","status":"publish","type":"page","link":"https:\/\/www.reussir-sa-formation.com\/?page_id=1103","title":{"rendered":"Le courrier \u00e9lectronique"},"content":{"rendered":"<h3>\n\t\t\t\tLe courrier \u00e9lectronique<br \/>\n\t\t\t<\/h3>\n<p><a href=\"http:\/\/www.reussir-sa-formation.com\/?page_id=12\">Formations<\/a>\u00a0\/\u00a0<a href=\"http:\/\/www.reussir-sa-formation.com\/?page_id=23\">Secr\u00e9tariat<\/a>\u00a0\/ Le courrier \u00e9lectronique<\/p>\n<h4>Public<\/h4>\n<p>Tout agent utilisant un logiciel de messagerie dans son activit\u00e9 professionnelle<\/p>\n<h4>Dur\u00e9e<\/h4>\n<p>1 jour<\/p>\n<h4>Objectifs<\/h4>\n<ul>\n<li>Connaitre l\u2019\u00e9tat de la r\u00e9glementation en mati\u00e8re de courrier \u00e9lectronique.<\/li>\n<li>Maitriser la r\u00e9daction du mail et son formalisme<\/li>\n<li>G\u00e9rer sa messagerie<\/li>\n<\/ul>\n<h4>Programme<\/h4>\n<p><b>Le cadre juridique du courrier \u00e9lectronique<\/b><\/p>\n<ul>\n<li>Les d\u00e9finitions<\/li>\n<li>La valeur juridique du courriel<\/li>\n<li>L\u2019application dans la fonction publique et la jurisprudence<\/li>\n<li>Les risques juridiques et la protection<\/li>\n<\/ul>\n<p><strong>La gestion des mails<\/strong><\/p>\n<ul>\n<li>L\u2019espace\u00a0num\u00e9rique<\/li>\n<li>Archivage et classement<\/li>\n<li>Taille et stockage<\/li>\n<li>Les pi\u00e8ces jointes<\/li>\n<li>La gestion des pourriels et des canulars<\/li>\n<\/ul>\n<p><b>La r\u00e9daction des mails<\/b><\/p>\n<ul>\n<li>Le destinataire<\/li>\n<li>L\u2019objet<\/li>\n<li>Le contenu<\/li>\n<li>La signature<\/li>\n<li>L\u2019affichage des priorit\u00e9s<\/li>\n<\/ul>\n<p><b>La conduite \u00e0 \u00a0tenir<\/b><\/p>\n<h4>M\u00e9thodologie<\/h4>\n<ul>\n<li>Apports th\u00e9oriques<\/li>\n<li>Exercices pratiques<\/li>\n<\/ul>\n","protected":false},"excerpt":{"rendered":"<p>Le courrier \u00e9lectronique Formations\u00a0\/\u00a0Secr\u00e9tariat\u00a0\/ Le courrier \u00e9lectronique Public Tout agent utilisant un logiciel de messagerie dans son activit\u00e9 professionnelle Dur\u00e9e 1 jour Objectifs Connaitre l\u2019\u00e9tat de la r\u00e9glementation en mati\u00e8re de courrier \u00e9lectronique. Maitriser la r\u00e9daction du mail et son formalisme G\u00e9rer sa messagerie Programme Le cadre juridique du courrier \u00e9lectronique Les d\u00e9finitions La valeur &hellip;<\/p>\n<p class=\"read-more\"> <a class=\"\" href=\"https:\/\/www.reussir-sa-formation.com\/?page_id=1103\"> <span class=\"screen-reader-text\">Le courrier \u00e9lectronique<\/span>Lire plus &raquo;<\/a><\/p>\n","protected":false},"author":2,"featured_media":0,"parent":23,"menu_order":0,"comment_status":"closed","ping_status":"open","template":"","meta":[],"_links":{"self":[{"href":"https:\/\/www.reussir-sa-formation.com\/index.php?rest_route=\/wp\/v2\/pages\/1103"}],"collection":[{"href":"https:\/\/www.reussir-sa-formation.com\/index.php?rest_route=\/wp\/v2\/pages"}],"about":[{"href":"https:\/\/www.reussir-sa-formation.com\/index.php?rest_route=\/wp\/v2\/types\/page"}],"author":[{"embeddable":true,"href":"https:\/\/www.reussir-sa-formation.com\/index.php?rest_route=\/wp\/v2\/users\/2"}],"replies":[{"embeddable":true,"href":"https:\/\/www.reussir-sa-formation.com\/index.php?rest_route=%2Fwp%2Fv2%2Fcomments&post=1103"}],"version-history":[{"count":7,"href":"https:\/\/www.reussir-sa-formation.com\/index.php?rest_route=\/wp\/v2\/pages\/1103\/revisions"}],"predecessor-version":[{"id":1902,"href":"https:\/\/www.reussir-sa-formation.com\/index.php?rest_route=\/wp\/v2\/pages\/1103\/revisions\/1902"}],"up":[{"embeddable":true,"href":"https:\/\/www.reussir-sa-formation.com\/index.php?rest_route=\/wp\/v2\/pages\/23"}],"wp:attachment":[{"href":"https:\/\/www.reussir-sa-formation.com\/index.php?rest_route=%2Fwp%2Fv2%2Fmedia&parent=1103"}],"curies":[{"name":"wp","href":"https:\/\/api.w.org\/{rel}","templated":true}]}}