{"id":1098,"date":"2014-02-06T17:43:03","date_gmt":"2014-02-06T17:43:03","guid":{"rendered":"http:\/\/www.reussir-sa-formation.com\/?page_id=1098"},"modified":"2020-10-29T09:20:05","modified_gmt":"2020-10-29T09:20:05","slug":"les-ecrits-professionnels","status":"publish","type":"page","link":"https:\/\/www.reussir-sa-formation.com\/?page_id=1098","title":{"rendered":"La R\u00e9daction des Courriers administratifs"},"content":{"rendered":"\n\t<h3>\n\t\t\t\tLa r\u00e9daction des courriers administratifs\n\t\t\t<\/h3>\n\t<p><a href=\"http:\/\/www.reussir-sa-formation.com\/?page_id=12\">Formations<\/a>\u00a0\/\u00a0<a href=\"http:\/\/www.reussir-sa-formation.com\/?page_id=23\">Secr\u00e9tariat<\/a>\u00a0\/ La r\u00e9daction des courriers administratifs<\/p>\n\t\t\t<h4>Public<\/h4>\t\t\t\n\t\t\t\t<p>Tout agent souhaitant am\u00e9liorer la r\u00e9daction de ses \u00e9crits professionnels.<\/p>\n\t\t\t<h4>Dur\u00e9e<\/h4>\t\t\t\n\t\t\t\t<p>2 jours<\/p>\n\t\t\t\t\t\t<h4 tabindex=\"0\">Objectifs<\/h4>\n\t\t\t<ul>\n<li>Avoir une approche concr\u00e8te de la r\u00e9daction administrative \u00e0 \u00a0partir de r\u00e9f\u00e9rents th\u00e9oriques voire de charte graphique puis d\u2019\u00e9tudes de cas et d\u2019exercices pratiques plus d\u00e9velopp\u00e9s.<\/li>\n<li>Appr\u00e9hender l\u2019\u00e9criture administrative dans sa dimension de communication interne et externe<\/li>\n<li>Etre en mesure de produire des \u00e9crits clairs, concis, efficaces<\/li>\n<\/ul>\n\t\t\t\t\t\t<h4 tabindex=\"0\">Programme<\/h4>\n\t\t\t<ul>\n<li>Les fondements du style administratif<\/li>\n<li>Le vocabulaire sp\u00e9cifique de la r\u00e9daction administrative<\/li>\n<li>Structurer ses \u00e9crits : le plan<\/li>\n<li>La lettre administrative<\/li>\n<li>La lettre en forme personnelle<\/li>\n<li>La note administrative<\/li>\n<\/ul>\n\t\t\t\t\t\t<h4 tabindex=\"0\">M\u00e9thodologie<\/h4>\n\t\t\t<ul>\n<li>Apports th\u00e9oriques altern\u00e9s avec des exercices pratiques, et du travail en sous-groupes.<\/li>\n<li>Un guide du vocabulaire administratif est fourni<\/li>\n<\/ul>\n","protected":false},"excerpt":{"rendered":"<p>La r\u00e9daction des courriers administratifs Formations\u00a0\/\u00a0Secr\u00e9tariat\u00a0\/ La r\u00e9daction des courriers administratifs Public Tout agent souhaitant am\u00e9liorer la r\u00e9daction de ses \u00e9crits professionnels. Dur\u00e9e 2 jours Objectifs Avoir une approche concr\u00e8te de la r\u00e9daction administrative \u00e0 \u00a0partir de r\u00e9f\u00e9rents th\u00e9oriques voire de charte graphique puis d\u2019\u00e9tudes de cas et d\u2019exercices pratiques plus d\u00e9velopp\u00e9s. Appr\u00e9hender l\u2019\u00e9criture administrative &hellip;<\/p>\n<p class=\"read-more\"> <a class=\"\" href=\"https:\/\/www.reussir-sa-formation.com\/?page_id=1098\"> <span class=\"screen-reader-text\">La R\u00e9daction des Courriers administratifs<\/span>Lire plus &raquo;<\/a><\/p>\n","protected":false},"author":2,"featured_media":0,"parent":23,"menu_order":0,"comment_status":"closed","ping_status":"open","template":"","meta":[],"_links":{"self":[{"href":"https:\/\/www.reussir-sa-formation.com\/index.php?rest_route=\/wp\/v2\/pages\/1098"}],"collection":[{"href":"https:\/\/www.reussir-sa-formation.com\/index.php?rest_route=\/wp\/v2\/pages"}],"about":[{"href":"https:\/\/www.reussir-sa-formation.com\/index.php?rest_route=\/wp\/v2\/types\/page"}],"author":[{"embeddable":true,"href":"https:\/\/www.reussir-sa-formation.com\/index.php?rest_route=\/wp\/v2\/users\/2"}],"replies":[{"embeddable":true,"href":"https:\/\/www.reussir-sa-formation.com\/index.php?rest_route=%2Fwp%2Fv2%2Fcomments&post=1098"}],"version-history":[{"count":10,"href":"https:\/\/www.reussir-sa-formation.com\/index.php?rest_route=\/wp\/v2\/pages\/1098\/revisions"}],"predecessor-version":[{"id":2212,"href":"https:\/\/www.reussir-sa-formation.com\/index.php?rest_route=\/wp\/v2\/pages\/1098\/revisions\/2212"}],"up":[{"embeddable":true,"href":"https:\/\/www.reussir-sa-formation.com\/index.php?rest_route=\/wp\/v2\/pages\/23"}],"wp:attachment":[{"href":"https:\/\/www.reussir-sa-formation.com\/index.php?rest_route=%2Fwp%2Fv2%2Fmedia&parent=1098"}],"curies":[{"name":"wp","href":"https:\/\/api.w.org\/{rel}","templated":true}]}}