{"id":1066,"date":"2014-02-06T16:49:27","date_gmt":"2014-02-06T16:49:27","guid":{"rendered":"http:\/\/www.reussir-sa-formation.com\/?page_id=1066"},"modified":"2021-07-11T18:05:53","modified_gmt":"2021-07-11T18:05:53","slug":"inaptitudes-professionnelles-et-reclassement-2","status":"publish","type":"page","link":"https:\/\/www.reussir-sa-formation.com\/?page_id=1066","title":{"rendered":"Les inaptitudes professionnelles et le reclassement"},"content":{"rendered":"\n\t<h3>\n\t\t\t\t<a href=\"https:\/\/www.reussir-sa-formation.com\/?page_id=21\" title=\"La protection sociale des fonctionnaires\" target=\"_self\" rel=\"noopener noreferrer\">\n\t\t\t\tLa protection sociale des fonctionnaires\n\t\t\t\t<\/a>\n\t\t\t<\/h3>\n\t<p><a href=\"http:\/\/www.reussir-sa-formation.com\/?page_id=12\">Formations<\/a>\u00a0\/\u00a0<a href=\"http:\/\/www.reussir-sa-formation.com\/?page_id=21\">Ressources humaines<\/a>\u00a0\/\u00a0La protection sociale des fonctionnaires<\/p>\n\t\t\t<h4>Public<\/h4>\t\t\t\n\t\t\t\t<p>Personnel d\u2019encadrement et gestionnaires des ressources humaines<\/p>\n\t\t\t<h4>Dur\u00e9e<\/h4>\t\t\t\n\t\t\t\t<p>2 jours<\/p>\n\t\t\t\t\t\t<h4 tabindex=\"0\">Objectifs<\/h4>\n\t\t\t<ul>\n<li>Identifier les diff\u00e9rents types de cong\u00e9s maladie<\/li>\n<li>Connaitre la composition et les comp\u00e9tences de la commission de r\u00e9forme et du comit\u00e9 m\u00e9dical<\/li>\n<\/ul>\n<ul>\n<li>Maitriser les proc\u00e9dures d\u2019octroi des cong\u00e9s maladie et leur combinaison.<\/li>\n<\/ul>\n<ul>\n<li>Connaitre\u00a0:\n<ul>\n<li>Les modalit\u00e9s de reprise des fonctions<\/li>\n<li>Les cons\u00e9quences de l\u2019inaptitude aux fonctions<\/li>\n<li>La mise \u00e0 disposition d\u2019office pour raisons de sant\u00e9<\/li>\n<li>La mise en retraite pour invalidit\u00e9<\/li>\n<\/ul>\n<\/li>\n<li>Connaitre le r\u00e9gime sp\u00e9cifique des cong\u00e9s imputables au service.<\/li>\n<\/ul>\n\t\t\t\t\t\t<h4 tabindex=\"0\">Programme<\/h4>\n\t\t\t<p><strong>Les diff\u00e9rents types de cong\u00e9s maladie<\/strong><\/p>\n<ul>\n<li>\n<ul>\n<li>Le cong\u00e9 ordinaire de maladie<\/li>\n<li>Le cong\u00e9 de longue maladie<\/li>\n<li>Le cong\u00e9 de longue dur\u00e9e<\/li>\n<\/ul>\n<\/li>\n<\/ul>\n<ul>\n<li><strong>Le comit\u00e9 m\u00e9dical<\/strong>\n<ul>\n<li>D\u00e9finition<\/li>\n<li>Les m\u00e9decins agr\u00e9\u00e9s et leur comp\u00e9tence<\/li>\n<li>La composition du comit\u00e9 m\u00e9dical<\/li>\n<li>La proc\u00e9dure<\/li>\n<li>Le comit\u00e9 m\u00e9dical sup\u00e9rieur et la proc\u00e9dure<\/li>\n<\/ul>\n<\/li>\n<\/ul>\n<ul>\n<li><strong>L\u2019issue des cong\u00e9s de maladie<\/strong>\n<ul>\n<li>La r\u00e9int\u00e9gration, le temps partiel th\u00e9rapeutique, l\u2019am\u00e9nagement de poste, le reclassement<\/li>\n<li>La mise en disponibilit\u00e9 d\u2019office pour raison de sant\u00e9<\/li>\n<li>La mise \u00e0 la retraite pour invalidit\u00e9<\/li>\n<\/ul>\n<\/li>\n<\/ul>\n<ul>\n<li><strong>La combinaison des cong\u00e9s entre eux<\/strong><\/li>\n<\/ul>\n<p><strong>Cas pratiques, exercices<\/strong><\/p>\n<ul>\n<li><strong>La commission de r\u00e9forme<\/strong>\n<ul>\n<li>D\u00e9finition de la commission de r\u00e9forme d\u00e9partementale<\/li>\n<li>Composition de la commission de r\u00e9forme d\u00e9partementale<\/li>\n<li>Ses missions<\/li>\n<li>La saisine et la proc\u00e9dure<\/li>\n<\/ul>\n<\/li>\n<\/ul>\n<ul>\n<li><strong>Les cong\u00e9s de maladie imputables et indemnisation<\/strong>\n<ul>\n<li>Les accidents imputables<\/li>\n<li>Les maladies imputables<\/li>\n<li>Proc\u00e9dure de reconnaissance de l\u2019imputabilit\u00e9 au service avant saisine de la commission<\/li>\n<li>L\u2019allocation temporaire d\u2019invalidit\u00e9<\/li>\n<li>La retraite pour invalidit\u00e9<\/li>\n<\/ul>\n<\/li>\n<\/ul>\n<p><strong>Cas pratiques, exercices<\/strong><\/p>\n\t\t\t\t\t\t<h4 tabindex=\"0\">M\u00e9thodologie<\/h4>\n\t\t\t<ul>\n<li>Apports th\u00e9oriques altern\u00e9s avec des \u00e9tudes de cas concrets (jurisprudence)<\/li>\n<li>Exercices pratiques<\/li>\n<li>Echanges d\u2019exp\u00e9riences<\/li>\n<\/ul>\n","protected":false},"excerpt":{"rendered":"<p>La protection sociale des fonctionnaires Formations\u00a0\/\u00a0Ressources humaines\u00a0\/\u00a0La protection sociale des fonctionnaires Public Personnel d\u2019encadrement et gestionnaires des ressources humaines Dur\u00e9e 2 jours Objectifs Identifier les diff\u00e9rents types de cong\u00e9s maladie Connaitre la composition et les comp\u00e9tences de la commission de r\u00e9forme et du comit\u00e9 m\u00e9dical Maitriser les proc\u00e9dures d\u2019octroi des cong\u00e9s maladie et leur combinaison. &hellip;<\/p>\n<p class=\"read-more\"> <a class=\"\" href=\"https:\/\/www.reussir-sa-formation.com\/?page_id=1066\"> <span class=\"screen-reader-text\">Les inaptitudes professionnelles et le reclassement<\/span>Lire plus &raquo;<\/a><\/p>\n","protected":false},"author":2,"featured_media":0,"parent":21,"menu_order":0,"comment_status":"closed","ping_status":"open","template":"","meta":[],"_links":{"self":[{"href":"https:\/\/www.reussir-sa-formation.com\/index.php?rest_route=\/wp\/v2\/pages\/1066"}],"collection":[{"href":"https:\/\/www.reussir-sa-formation.com\/index.php?rest_route=\/wp\/v2\/pages"}],"about":[{"href":"https:\/\/www.reussir-sa-formation.com\/index.php?rest_route=\/wp\/v2\/types\/page"}],"author":[{"embeddable":true,"href":"https:\/\/www.reussir-sa-formation.com\/index.php?rest_route=\/wp\/v2\/users\/2"}],"replies":[{"embeddable":true,"href":"https:\/\/www.reussir-sa-formation.com\/index.php?rest_route=%2Fwp%2Fv2%2Fcomments&post=1066"}],"version-history":[{"count":21,"href":"https:\/\/www.reussir-sa-formation.com\/index.php?rest_route=\/wp\/v2\/pages\/1066\/revisions"}],"predecessor-version":[{"id":2121,"href":"https:\/\/www.reussir-sa-formation.com\/index.php?rest_route=\/wp\/v2\/pages\/1066\/revisions\/2121"}],"up":[{"embeddable":true,"href":"https:\/\/www.reussir-sa-formation.com\/index.php?rest_route=\/wp\/v2\/pages\/21"}],"wp:attachment":[{"href":"https:\/\/www.reussir-sa-formation.com\/index.php?rest_route=%2Fwp%2Fv2%2Fmedia&parent=1066"}],"curies":[{"name":"wp","href":"https:\/\/api.w.org\/{rel}","templated":true}]}}