{"id":1046,"date":"2014-02-06T15:17:43","date_gmt":"2014-02-06T15:17:43","guid":{"rendered":"http:\/\/www.reussir-sa-formation.com\/?page_id=1046"},"modified":"2018-06-30T09:43:38","modified_gmt":"2018-06-30T09:43:38","slug":"1046-2","status":"publish","type":"page","link":"https:\/\/www.reussir-sa-formation.com\/?page_id=1046","title":{"rendered":"Techniques d&rsquo;Entretien avec le Jury"},"content":{"rendered":"<h3>\n\t\t\t\tTechniques d&rsquo;entretien avec le jury<br \/>\n\t\t\t<\/h3>\n<p><a href=\"http:\/\/www.reussir-sa-formation.com\/?page_id=12\">Formations<\/a>\u00a0\/\u00a0<a href=\"http:\/\/www.reussir-sa-formation.com\/?page_id=25\">Pr\u00e9paration aux concours et examens<\/a>\u00a0\/ Techniques d&rsquo;entretien avec le jury<\/p>\n<h4>Public<\/h4>\n<p>Agents pr\u00e9parant une \u00e9preuve orale de conversation avec le Jury<\/p>\n<h4>Dur\u00e9e<\/h4>\n<p>1 jour<\/p>\n<h4>Objectifs<\/h4>\n<ul>\n<li>Maitriser sa pr\u00e9sentation de son parcours professionnel<\/li>\n<li>Acqu\u00e9rir des outils et techniques de prise de parole \u00e0\u00a0 l\u2019oral<\/li>\n<li>Acqu\u00e9rir de l\u2019aisance dans sa prestation orale devant le jury<\/li>\n<\/ul>\n<h4>Programme<\/h4>\n<ul>\n<li>La conversation avec le jury :\n<ul>\n<li>Les attentes du jury,<\/li>\n<li>Les types de questions susceptibles d\u2019\u00eatre pos\u00e9es<\/li>\n<li>La pr\u00e9paration de l\u2019entretien<\/li>\n<\/ul>\n<\/li>\n<li>Le comportement du candidat :\n<ul>\n<li>Les techniques de communication<\/li>\n<li>Les attitudes devant un jury<b><\/b><\/li>\n<li>La gestion du stress<\/li>\n<\/ul>\n<\/li>\n<li>Mise en situation et conseils personnalis\u00e9s\n<ul>\n<li>Expos\u00e9 de sa pr\u00e9sentation dans le temps imparti<\/li>\n<li>Questions sur le parcours professionnel et sur l\u2019environnement administratif<\/li>\n<\/ul>\n<\/li>\n<\/ul>\n<h4>M\u00e9thodologie<\/h4>\n<ul>\n<li>Apports th\u00e9oriques (pr\u00e9sentation PowerPoint)<\/li>\n<li>Exercice de pr\u00e9sentation devant un Jury fictif<\/li>\n<li>Observations sur la prestation du stagiaire et conseils personnalis\u00e9s<\/li>\n<\/ul>\n","protected":false},"excerpt":{"rendered":"<p>Techniques d&rsquo;entretien avec le jury Formations\u00a0\/\u00a0Pr\u00e9paration aux concours et examens\u00a0\/ Techniques d&rsquo;entretien avec le jury Public Agents pr\u00e9parant une \u00e9preuve orale de conversation avec le Jury Dur\u00e9e 1 jour Objectifs Maitriser sa pr\u00e9sentation de son parcours professionnel Acqu\u00e9rir des outils et techniques de prise de parole \u00e0\u00a0 l\u2019oral Acqu\u00e9rir de l\u2019aisance dans sa prestation orale &hellip;<\/p>\n<p class=\"read-more\"> <a class=\"\" href=\"https:\/\/www.reussir-sa-formation.com\/?page_id=1046\"> <span class=\"screen-reader-text\">Techniques d&rsquo;Entretien avec le Jury<\/span>Lire plus &raquo;<\/a><\/p>\n","protected":false},"author":2,"featured_media":0,"parent":25,"menu_order":6,"comment_status":"closed","ping_status":"open","template":"","meta":[],"_links":{"self":[{"href":"https:\/\/www.reussir-sa-formation.com\/index.php?rest_route=\/wp\/v2\/pages\/1046"}],"collection":[{"href":"https:\/\/www.reussir-sa-formation.com\/index.php?rest_route=\/wp\/v2\/pages"}],"about":[{"href":"https:\/\/www.reussir-sa-formation.com\/index.php?rest_route=\/wp\/v2\/types\/page"}],"author":[{"embeddable":true,"href":"https:\/\/www.reussir-sa-formation.com\/index.php?rest_route=\/wp\/v2\/users\/2"}],"replies":[{"embeddable":true,"href":"https:\/\/www.reussir-sa-formation.com\/index.php?rest_route=%2Fwp%2Fv2%2Fcomments&post=1046"}],"version-history":[{"count":12,"href":"https:\/\/www.reussir-sa-formation.com\/index.php?rest_route=\/wp\/v2\/pages\/1046\/revisions"}],"predecessor-version":[{"id":1894,"href":"https:\/\/www.reussir-sa-formation.com\/index.php?rest_route=\/wp\/v2\/pages\/1046\/revisions\/1894"}],"up":[{"embeddable":true,"href":"https:\/\/www.reussir-sa-formation.com\/index.php?rest_route=\/wp\/v2\/pages\/25"}],"wp:attachment":[{"href":"https:\/\/www.reussir-sa-formation.com\/index.php?rest_route=%2Fwp%2Fv2%2Fmedia&parent=1046"}],"curies":[{"name":"wp","href":"https:\/\/api.w.org\/{rel}","templated":true}]}}