{"id":1006,"date":"2014-02-06T12:39:29","date_gmt":"2014-02-06T12:39:29","guid":{"rendered":"http:\/\/www.reussir-sa-formation.com\/?page_id=1006"},"modified":"2020-07-27T07:52:13","modified_gmt":"2020-07-27T07:52:13","slug":"1006-2","status":"publish","type":"page","link":"https:\/\/www.reussir-sa-formation.com\/?page_id=1006","title":{"rendered":"La reconnaissance des acquis de l&rsquo;exp\u00e9rience professionnelle (RAEP)"},"content":{"rendered":"\n\t<h3>\n\t\t\t\t<a href=\"https:\/\/www.reussir-sa-formation.com\/?page_id=1006\" title=\"La reconnaissance des acquis de l\u2019exp\u00e9rience professionnelle (RAEP)\" target=\"_self\" rel=\"noopener noreferrer\">\n\t\t\t\tLa reconnaissance des acquis de l\u2019exp\u00e9rience professionnelle (RAEP)\n\t\t\t\t<\/a>\n\t\t\t<\/h3>\n\t<p><a href=\"http:\/\/www.reussir-sa-formation.com\/?page_id=12\">Formations<\/a>\u00a0\/\u00a0<a href=\"http:\/\/www.reussir-sa-formation.com\/?page_id=25\">Pr\u00e9paration aux concours et examens<\/a>\u00a0\/ La reconnaissance des acquis de l\u2019exp\u00e9rience professionnelle (RAEP)<\/p>\n\t\t\t<h4>Public<\/h4>\t\t\t\n\t\t\t\t<p>Agents se pr\u00e9sentant \u00e0 un concours qui comporte une \u00e9preuve avec constitution d\u2019un dossier RAEP et pr\u00e9sentation de son parcours professionnel<\/p>\n\t\t\t<h4>Dur\u00e9e<\/h4>\t\t\t\n\t\t\t\t<p>2 jours<\/p>\n\t\t\t\t\t\t<h4 tabindex=\"0\">Objectifs<\/h4>\n\t\t\t<ul>\n<li>Comprendre la notion de la reconnaissance des acquis de l\u2019exp\u00e9rience professionnelle (RAEP) et appr\u00e9hender les principes de cette nouvelle \u00e9preuve de concours.<\/li>\n<li>Analyser son parcours professionnel pour mieux mettre en valeur son exp\u00e9rience.<\/li>\n<li>S\u00e9lectionner des \u00e9l\u00e9ments issus de sa pratique professionnelle t\u00e9moignant au mieux de cette exp\u00e9rience pour construire un dossier convaincant.<\/li>\n<li>Savoir d\u00e9crire son exp\u00e9rience professionnelle et en extraire les comp\u00e9tences acquises, \u00a0en fonction du grade vis\u00e9 par le concours.<\/li>\n<\/ul>\n\t\t\t\t\t\t<h4 tabindex=\"0\">Programme<\/h4>\n\t\t\t<ul>\n<li>La d\u00e9finition de la RAEP<\/li>\n<li>La r\u00e9glementation relative \u00e0 \u00a0la RAEP<\/li>\n<li>Les attentes du jury par rapport au grade vis\u00e9 par le concours<\/li>\n<li>La notion d\u2019acquis de l\u2019exp\u00e9rience professionnelle : savoirs techniques, comp\u00e9tences et aptitudes professionnelles<\/li>\n<\/ul>\n<ul>\n<li>Le dossier de RAEP : m\u00e9thodologie pour d\u2019\u00e9crire son exp\u00e9rience professionnelle, choix des \u00e9l\u00e9ments, principes r\u00e9dactionnels adapt\u00e9s \u00e0 \u00a0l\u2019\u00e9preuve<\/li>\n<li>Exercice pratique : remplir le dossier de RAEP \u00e0 \u00a0partir de sa propre exp\u00e9rience professionnelle en coh\u00e9rence avec l\u2019emploi r\u00e9f\u00e9rence<\/li>\n<li>Elaboration de la \u00a0pr\u00e9sentation de son parcours professionnel<\/li>\n<\/ul>\n\t\t\t\t\t\t<h4 tabindex=\"0\">M\u00e9thodologie<\/h4>\n\t\t\t<ul>\n<li>Apports th\u00e9oriques avec pr\u00e9sentation PowerPoint et exercices pratiques.<\/li>\n<li>Travail en sous-groupe<\/li>\n<li>Travail individuel avec la formatrice<\/li>\n<\/ul>\n","protected":false},"excerpt":{"rendered":"<p>La reconnaissance des acquis de l\u2019exp\u00e9rience professionnelle (RAEP) Formations\u00a0\/\u00a0Pr\u00e9paration aux concours et examens\u00a0\/ La reconnaissance des acquis de l\u2019exp\u00e9rience professionnelle (RAEP) Public Agents se pr\u00e9sentant \u00e0 un concours qui comporte une \u00e9preuve avec constitution d\u2019un dossier RAEP et pr\u00e9sentation de son parcours professionnel Dur\u00e9e 2 jours Objectifs Comprendre la notion de la reconnaissance des acquis &hellip;<\/p>\n<p class=\"read-more\"> <a class=\"\" href=\"https:\/\/www.reussir-sa-formation.com\/?page_id=1006\"> <span class=\"screen-reader-text\">La reconnaissance des acquis de l&rsquo;exp\u00e9rience professionnelle (RAEP)<\/span>Lire plus &raquo;<\/a><\/p>\n","protected":false},"author":2,"featured_media":0,"parent":25,"menu_order":6,"comment_status":"closed","ping_status":"closed","template":"","meta":[],"_links":{"self":[{"href":"https:\/\/www.reussir-sa-formation.com\/index.php?rest_route=\/wp\/v2\/pages\/1006"}],"collection":[{"href":"https:\/\/www.reussir-sa-formation.com\/index.php?rest_route=\/wp\/v2\/pages"}],"about":[{"href":"https:\/\/www.reussir-sa-formation.com\/index.php?rest_route=\/wp\/v2\/types\/page"}],"author":[{"embeddable":true,"href":"https:\/\/www.reussir-sa-formation.com\/index.php?rest_route=\/wp\/v2\/users\/2"}],"replies":[{"embeddable":true,"href":"https:\/\/www.reussir-sa-formation.com\/index.php?rest_route=%2Fwp%2Fv2%2Fcomments&post=1006"}],"version-history":[{"count":16,"href":"https:\/\/www.reussir-sa-formation.com\/index.php?rest_route=\/wp\/v2\/pages\/1006\/revisions"}],"predecessor-version":[{"id":2145,"href":"https:\/\/www.reussir-sa-formation.com\/index.php?rest_route=\/wp\/v2\/pages\/1006\/revisions\/2145"}],"up":[{"embeddable":true,"href":"https:\/\/www.reussir-sa-formation.com\/index.php?rest_route=\/wp\/v2\/pages\/25"}],"wp:attachment":[{"href":"https:\/\/www.reussir-sa-formation.com\/index.php?rest_route=%2Fwp%2Fv2%2Fmedia&parent=1006"}],"curies":[{"name":"wp","href":"https:\/\/api.w.org\/{rel}","templated":true}]}}